{"id":10500,"date":"2024-02-14T09:23:32","date_gmt":"2024-02-14T08:23:32","guid":{"rendered":"http:\/\/vps-387abac1.vps.ovh.net\/?page_id=10500"},"modified":"2026-02-25T07:02:15","modified_gmt":"2026-02-25T06:02:15","slug":"investor-area","status":"publish","type":"page","link":"https:\/\/corporate.nacongaming.com\/en\/investor-area\/","title":{"rendered":"Investor area"},"content":{"rendered":"<p>[et_pb_section fb_built=&#8221;1&#8243; fullwidth=&#8221;on&#8221; admin_label=&#8221;Section&#8221; _builder_version=&#8221;4.16&#8243; locked=&#8221;off&#8221; global_colors_info=&#8221;{}&#8221;][et_pb_fullwidth_header title=&#8221;Investor area&#8221; text_orientation=&#8221;center&#8221; admin_label=&#8221;En-t\u00eate plein \u00e9cran&#8221; module_class=&#8221;content-header&#8221; _builder_version=&#8221;4.24.0&#8243; title_font=&#8221;Barlow|700||on|||||&#8221; title_text_align=&#8221;center&#8221; title_font_size=&#8221;100px&#8221; content_text_align=&#8221;center&#8221; background_color=&#8221;#f5f5f5&#8243; background_enable_image=&#8221;off&#8221; background_position=&#8221;top_center&#8221; background_enable_video_mp4=&#8221;off&#8221; background_enable_video_webm=&#8221;off&#8221; background_video_width=&#8221;640&#8243; background_video_height=&#8221;360&#8243; background_layout=&#8221;light&#8221; width_last_edited=&#8221;off|desktop&#8221; title_font_size_tablet=&#8221;50px&#8221; title_font_size_phone=&#8221;30px&#8221; title_font_size_last_edited=&#8221;on|phone&#8221; custom_css_main_element=&#8221;height: 100%&#8221; global_colors_info=&#8221;{}&#8221;][\/et_pb_fullwidth_header][\/et_pb_section][et_pb_section fb_built=&#8221;1&#8243; admin_label=&#8221;Section&#8221; _builder_version=&#8221;4.22.1&#8243; width=&#8221;100%&#8221; module_alignment=&#8221;center&#8221; global_colors_info=&#8221;{}&#8221;][et_pb_row column_structure=&#8221;1_4,1_4,1_4,1_4&#8243; make_equal=&#8221;on&#8221; _builder_version=&#8221;4.22.1&#8243; _module_preset=&#8221;default&#8221; global_colors_info=&#8221;{}&#8221;][et_pb_column type=&#8221;1_4&#8243; _builder_version=&#8221;4.22.1&#8243; _module_preset=&#8221;default&#8221; hover_enabled=&#8221;0&#8243; global_colors_info=&#8221;{}&#8221; sticky_enabled=&#8221;0&#8243;][et_pb_cta title=&#8221;Financial Information&#8221; button_url=&#8221;@ET-DC@eyJkeW5hbWljIjp0cnVlLCJjb250ZW50IjoicG9zdF9saW5rX3VybF9wYWdlIiwic2V0dGluZ3MiOnsicG9zdF9pZCI6IjkzMjkifX0=@&#8221; button_text=&#8221;Learn more&#8221; admin_label=&#8221;Pr\u00e9sentation de Nacon&#8221; _builder_version=&#8221;4.27.5&#8243; _dynamic_attributes=&#8221;button_url&#8221; _module_preset=&#8221;default&#8221; header_text_align=&#8221;center&#8221; header_text_color=&#8221;#273343&#8243; header_font_size=&#8221;27px&#8221; header_line_height=&#8221;1.8em&#8221; background_color=&#8221;#FFFFFF&#8221; custom_button=&#8221;on&#8221; button_text_size=&#8221;17px&#8221; button_text_color=&#8221;#273343&#8243; hover_enabled=&#8221;0&#8243; header_font_size_tablet=&#8221;27px&#8221; header_font_size_phone=&#8221;20px&#8221; header_font_size_last_edited=&#8221;on|phone&#8221; box_shadow_style=&#8221;preset3&#8243; box_shadow_blur=&#8221;7px&#8221; box_shadow_spread=&#8221;-10px&#8221; locked=&#8221;off&#8221; global_colors_info=&#8221;{}&#8221; background_color__hover=&#8221;#e8e8e8&#8243; background_enable_color__hover=&#8221;on&#8221; header_text_color__hover=&#8221;#273343&#8243; header_text_color__hover_enabled=&#8221;on|desktop&#8221; background__hover_enabled=&#8221;on|hover&#8221; button_bg_color__hover=&#8221;#FFFFFF&#8221; button_bg_color__hover_enabled=&#8221;on|hover&#8221; sticky_enabled=&#8221;0&#8243;][\/et_pb_cta][\/et_pb_column][et_pb_column type=&#8221;1_4&#8243; _builder_version=&#8221;4.22.1&#8243; _module_preset=&#8221;default&#8221; global_colors_info=&#8221;{}&#8221;][et_pb_cta title=&#8221;Calendar and contacts&#8221; button_url=&#8221;@ET-DC@eyJkeW5hbWljIjp0cnVlLCJjb250ZW50IjoicG9zdF9saW5rX3VybF9wYWdlIiwic2V0dGluZ3MiOnsicG9zdF9pZCI6IjExNCJ9fQ==@&#8221; button_text=&#8221;Learn more&#8221; admin_label=&#8221;Pr\u00e9sentation de Nacon&#8221; _builder_version=&#8221;4.27.5&#8243; _dynamic_attributes=&#8221;button_url&#8221; _module_preset=&#8221;default&#8221; header_text_align=&#8221;center&#8221; header_text_color=&#8221;#273343&#8243; header_font_size=&#8221;27px&#8221; header_line_height=&#8221;1.8em&#8221; background_color=&#8221;#FFFFFF&#8221; custom_button=&#8221;on&#8221; button_text_size=&#8221;17px&#8221; button_text_color=&#8221;#273343&#8243; hover_enabled=&#8221;0&#8243; header_font_size_tablet=&#8221;27px&#8221; header_font_size_phone=&#8221;20px&#8221; header_font_size_last_edited=&#8221;on|phone&#8221; box_shadow_style=&#8221;preset3&#8243; box_shadow_blur=&#8221;7px&#8221; box_shadow_spread=&#8221;-10px&#8221; locked=&#8221;off&#8221; global_colors_info=&#8221;{}&#8221; background_color__hover=&#8221;#e8e8e8&#8243; background_enable_color__hover=&#8221;on&#8221; header_text_color__hover=&#8221;#273343&#8243; header_text_color__hover_enabled=&#8221;on|desktop&#8221; background__hover_enabled=&#8221;on|hover&#8221; button_bg_color__hover=&#8221;#FFFFFF&#8221; button_bg_color__hover_enabled=&#8221;on|hover&#8221; sticky_enabled=&#8221;0&#8243;][\/et_pb_cta][\/et_pb_column][et_pb_column type=&#8221;1_4&#8243; _builder_version=&#8221;4.22.1&#8243; _module_preset=&#8221;default&#8221; global_colors_info=&#8221;{}&#8221;][et_pb_cta title=&#8221;General meeting&#8221; button_url=&#8221;@ET-DC@eyJkeW5hbWljIjp0cnVlLCJjb250ZW50IjoicG9zdF9saW5rX3VybF9wYWdlIiwic2V0dGluZ3MiOnsicG9zdF9pZCI6IjkzNjIifX0=@&#8221; button_text=&#8221;Learn more&#8221; admin_label=&#8221;Pr\u00e9sentation de Nacon&#8221; _builder_version=&#8221;4.27.5&#8243; _dynamic_attributes=&#8221;button_url&#8221; _module_preset=&#8221;default&#8221; header_text_align=&#8221;center&#8221; header_text_color=&#8221;#273343&#8243; header_font_size=&#8221;27px&#8221; header_line_height=&#8221;1.8em&#8221; background_color=&#8221;#FFFFFF&#8221; custom_button=&#8221;on&#8221; button_text_size=&#8221;17px&#8221; button_text_color=&#8221;#273343&#8243; hover_enabled=&#8221;0&#8243; header_font_size_tablet=&#8221;27px&#8221; header_font_size_phone=&#8221;20px&#8221; header_font_size_last_edited=&#8221;on|phone&#8221; box_shadow_style=&#8221;preset3&#8243; box_shadow_blur=&#8221;7px&#8221; box_shadow_spread=&#8221;-10px&#8221; locked=&#8221;off&#8221; global_colors_info=&#8221;{}&#8221; background_color__hover=&#8221;#e8e8e8&#8243; background_enable_color__hover=&#8221;on&#8221; header_text_color__hover=&#8221;#273343&#8243; header_text_color__hover_enabled=&#8221;on|desktop&#8221; background__hover_enabled=&#8221;on|hover&#8221; button_bg_color__hover=&#8221;#FFFFFF&#8221; button_bg_color__hover_enabled=&#8221;on|hover&#8221; sticky_enabled=&#8221;0&#8243;][\/et_pb_cta][\/et_pb_column][et_pb_column type=&#8221;1_4&#8243; _builder_version=&#8221;4.22.1&#8243; _module_preset=&#8221;default&#8221; global_colors_info=&#8221;{}&#8221;][et_pb_cta title=&#8221;Social responsibility of Nacon&#8221; button_url=&#8221;@ET-DC@eyJkeW5hbWljIjp0cnVlLCJjb250ZW50IjoicG9zdF9saW5rX3VybF9wYWdlIiwic2V0dGluZ3MiOnsicG9zdF9pZCI6Ijk1MDkifX0=@&#8221; button_text=&#8221;Learn more&#8221; admin_label=&#8221;Pr\u00e9sentation de Nacon&#8221; _builder_version=&#8221;4.27.5&#8243; _dynamic_attributes=&#8221;link_option_url,button_url&#8221; _module_preset=&#8221;default&#8221; header_text_align=&#8221;center&#8221; header_text_color=&#8221;#273343&#8243; header_font_size=&#8221;27px&#8221; header_line_height=&#8221;1.8em&#8221; background_color=&#8221;#FFFFFF&#8221; custom_button=&#8221;on&#8221; button_text_size=&#8221;17px&#8221; button_text_color=&#8221;#273343&#8243; link_option_url=&#8221;@ET-DC@eyJkeW5hbWljIjp0cnVlLCJjb250ZW50IjoicG9zdF9saW5rX3VybF9wYWdlIiwic2V0dGluZ3MiOnsicG9zdF9pZCI6Ijk1MDkifX0=@&#8221; hover_enabled=&#8221;0&#8243; header_font_size_tablet=&#8221;27px&#8221; header_font_size_phone=&#8221;20px&#8221; header_font_size_last_edited=&#8221;on|phone&#8221; box_shadow_style=&#8221;preset3&#8243; box_shadow_blur=&#8221;7px&#8221; box_shadow_spread=&#8221;-10px&#8221; locked=&#8221;off&#8221; global_colors_info=&#8221;{}&#8221; background_color__hover=&#8221;#e8e8e8&#8243; background_enable_color__hover=&#8221;on&#8221; header_text_color__hover=&#8221;#273343&#8243; header_text_color__hover_enabled=&#8221;on|desktop&#8221; background__hover_enabled=&#8221;on|hover&#8221; button_bg_color__hover=&#8221;#FFFFFF&#8221; button_bg_color__hover_enabled=&#8221;on|hover&#8221; sticky_enabled=&#8221;0&#8243;][\/et_pb_cta][\/et_pb_column][\/et_pb_row][\/et_pb_section]<\/p>\n","protected":false},"excerpt":{"rendered":"","protected":false},"author":16,"featured_media":0,"parent":0,"menu_order":0,"comment_status":"closed","ping_status":"closed","template":"","meta":{"_et_pb_use_builder":"on","_et_pb_old_content":"<p>[et_pb_section fb_built=\"1\" fullwidth=\"on\" admin_label=\"Section\" _builder_version=\"4.16\" locked=\"off\" global_colors_info=\"{}\"][et_pb_fullwidth_header title=\"Espace Investisseurs\" text_orientation=\"center\" admin_label=\"En-t\u00eate plein \u00e9cran\" module_class=\"content-header\" _builder_version=\"4.24.0\" title_font=\"Barlow|700||on|||||\" title_text_align=\"center\" title_font_size=\"100px\" content_text_align=\"center\" background_color=\"#f5f5f5\" background_enable_image=\"off\" background_position=\"top_center\" background_enable_video_mp4=\"off\" background_enable_video_webm=\"off\" background_video_width=\"640\" background_video_height=\"360\" background_layout=\"light\" width_last_edited=\"off|desktop\" title_font_size_tablet=\"50px\" title_font_size_phone=\"30px\" title_font_size_last_edited=\"on|phone\" custom_css_main_element=\"height: 100%\" global_colors_info=\"{}\"][\/et_pb_fullwidth_header][\/et_pb_section][et_pb_section fb_built=\"1\" admin_label=\"Section\" _builder_version=\"4.22.1\" width=\"100%\" module_alignment=\"center\" global_colors_info=\"{}\"][et_pb_row column_structure=\"1_4,1_4,1_4,1_4\" make_equal=\"on\" _builder_version=\"4.22.1\" _module_preset=\"default\" global_colors_info=\"{}\"][et_pb_column type=\"1_4\" _builder_version=\"4.22.1\" _module_preset=\"default\" global_colors_info=\"{}\"][et_pb_cta title=\"infos financi\u00e8res\" button_url=\"@ET-DC@eyJkeW5hbWljIjp0cnVlLCJjb250ZW50IjoicG9zdF9saW5rX3VybF9wYWdlIiwic2V0dGluZ3MiOnsicG9zdF9pZCI6IjkzMjkifX0=@\" button_text=\"En savoir +\" admin_label=\"Pr\u00e9sentation de Nacon\" _builder_version=\"4.22.1\" _dynamic_attributes=\"button_url\" _module_preset=\"default\" header_text_align=\"center\" header_text_color=\"#273343\" header_font_size=\"27px\" header_line_height=\"1.8em\" background_color=\"#FFFFFF\" custom_button=\"on\" button_text_size=\"17px\" button_text_color=\"#273343\" header_font_size_tablet=\"27px\" header_font_size_phone=\"20px\" header_font_size_last_edited=\"on|phone\" box_shadow_style=\"preset3\" box_shadow_blur=\"7px\" box_shadow_spread=\"-10px\" locked=\"off\" global_colors_info=\"{}\" background_color__hover=\"#e8e8e8\" background_enable_color__hover=\"on\" header_text_color__hover=\"#273343\" header_text_color__hover_enabled=\"on|desktop\" background__hover_enabled=\"on|hover\" button_bg_color__hover=\"#FFFFFF\" button_bg_color__hover_enabled=\"on|hover\"][\/et_pb_cta][\/et_pb_column][et_pb_column type=\"1_4\" _builder_version=\"4.22.1\" _module_preset=\"default\" global_colors_info=\"{}\"][et_pb_cta title=\"calendrier et contacts\" button_url=\"@ET-DC@eyJkeW5hbWljIjp0cnVlLCJjb250ZW50IjoicG9zdF9saW5rX3VybF9wYWdlIiwic2V0dGluZ3MiOnsicG9zdF9pZCI6IjExNCJ9fQ==@\" button_text=\"En savoir +\" admin_label=\"Pr\u00e9sentation de Nacon\" _builder_version=\"4.22.1\" _dynamic_attributes=\"button_url\" _module_preset=\"default\" header_text_align=\"center\" header_text_color=\"#273343\" header_font_size=\"27px\" header_line_height=\"1.8em\" background_color=\"#FFFFFF\" custom_button=\"on\" button_text_size=\"17px\" button_text_color=\"#273343\" header_font_size_tablet=\"27px\" header_font_size_phone=\"20px\" header_font_size_last_edited=\"on|phone\" box_shadow_style=\"preset3\" box_shadow_blur=\"7px\" box_shadow_spread=\"-10px\" locked=\"off\" global_colors_info=\"{}\" background_color__hover=\"#e8e8e8\" background_enable_color__hover=\"on\" header_text_color__hover=\"#273343\" header_text_color__hover_enabled=\"on|desktop\" background__hover_enabled=\"on|hover\" button_bg_color__hover=\"#FFFFFF\" button_bg_color__hover_enabled=\"on|hover\"][\/et_pb_cta][\/et_pb_column][et_pb_column type=\"1_4\" _builder_version=\"4.22.1\" _module_preset=\"default\" global_colors_info=\"{}\"][et_pb_cta title=\"assembl\u00e9e g\u00e9n\u00e9rale\" button_url=\"@ET-DC@eyJkeW5hbWljIjp0cnVlLCJjb250ZW50IjoicG9zdF9saW5rX3VybF9wYWdlIiwic2V0dGluZ3MiOnsicG9zdF9pZCI6IjkzNjIifX0=@\" button_text=\"En savoir +\" admin_label=\"Pr\u00e9sentation de Nacon\" _builder_version=\"4.22.1\" _dynamic_attributes=\"button_url\" _module_preset=\"default\" header_text_align=\"center\" header_text_color=\"#273343\" header_font_size=\"27px\" header_line_height=\"1.8em\" background_color=\"#FFFFFF\" custom_button=\"on\" button_text_size=\"17px\" button_text_color=\"#273343\" header_font_size_tablet=\"27px\" header_font_size_phone=\"20px\" header_font_size_last_edited=\"on|phone\" box_shadow_style=\"preset3\" box_shadow_blur=\"7px\" box_shadow_spread=\"-10px\" locked=\"off\" global_colors_info=\"{}\" background_color__hover=\"#e8e8e8\" background_enable_color__hover=\"on\" header_text_color__hover=\"#273343\" header_text_color__hover_enabled=\"on|desktop\" background__hover_enabled=\"on|hover\" button_bg_color__hover=\"#FFFFFF\" button_bg_color__hover_enabled=\"on|hover\"][\/et_pb_cta][\/et_pb_column][et_pb_column type=\"1_4\" _builder_version=\"4.22.1\" _module_preset=\"default\" global_colors_info=\"{}\"][et_pb_cta title=\"responsabilit\u00e9 social de Nacon\" button_url=\"@ET-DC@eyJkeW5hbWljIjp0cnVlLCJjb250ZW50IjoicG9zdF9saW5rX3VybF9wYWdlIiwic2V0dGluZ3MiOnsicG9zdF9pZCI6Ijk1MDkifX0=@\" button_text=\"En savoir +\" admin_label=\"Pr\u00e9sentation de Nacon\" _builder_version=\"4.22.1\" _dynamic_attributes=\"link_option_url,button_url\" _module_preset=\"default\" header_text_align=\"center\" header_text_color=\"#273343\" header_font_size=\"27px\" header_line_height=\"1.8em\" background_color=\"#FFFFFF\" custom_button=\"on\" button_text_size=\"17px\" button_text_color=\"#273343\" link_option_url=\"@ET-DC@eyJkeW5hbWljIjp0cnVlLCJjb250ZW50IjoicG9zdF9saW5rX3VybF9wYWdlIiwic2V0dGluZ3MiOnsicG9zdF9pZCI6Ijk1MDkifX0=@\" header_font_size_tablet=\"27px\" header_font_size_phone=\"20px\" header_font_size_last_edited=\"on|phone\" box_shadow_style=\"preset3\" box_shadow_blur=\"7px\" box_shadow_spread=\"-10px\" locked=\"off\" global_colors_info=\"{}\" background_color__hover=\"#e8e8e8\" background_enable_color__hover=\"on\" header_text_color__hover=\"#273343\" header_text_color__hover_enabled=\"on|desktop\" background__hover_enabled=\"on|hover\" button_bg_color__hover=\"#FFFFFF\" button_bg_color__hover_enabled=\"on|hover\"][\/et_pb_cta][\/et_pb_column][\/et_pb_row][\/et_pb_section]<\/p>","_et_gb_content_width":"","footnotes":""},"class_list":["post-10500","page","type-page","status-publish","hentry"],"yoast_head":"<!-- This site is optimized with the Yoast SEO plugin v27.4 - https:\/\/yoast.com\/product\/yoast-seo-wordpress\/ -->\n<title>Investor area - Nacon Corporate<\/title>\n<meta name=\"robots\" content=\"index, nofollow, max-snippet:-1, max-image-preview:large, max-video-preview:-1\" \/>\n<link rel=\"canonical\" href=\"https:\/\/corporate.nacongaming.com\/en\/investor-area\/\" \/>\n<meta property=\"og:locale\" content=\"en_US\" \/>\n<meta property=\"og:type\" content=\"article\" \/>\n<meta property=\"og:title\" content=\"Investor area - Nacon Corporate\" \/>\n<meta property=\"og:url\" content=\"https:\/\/corporate.nacongaming.com\/en\/investor-area\/\" \/>\n<meta property=\"og:site_name\" content=\"Nacon Corporate\" \/>\n<meta property=\"article:modified_time\" content=\"2026-02-25T06:02:15+00:00\" \/>\n<meta name=\"twitter:card\" content=\"summary_large_image\" \/>\n<meta name=\"twitter:label1\" content=\"Est. reading time\" \/>\n\t<meta name=\"twitter:data1\" content=\"1 minute\" \/>\n<script type=\"application\/ld+json\" class=\"yoast-schema-graph\">{\"@context\":\"https:\\\/\\\/schema.org\",\"@graph\":[{\"@type\":\"WebPage\",\"@id\":\"https:\\\/\\\/corporate.nacongaming.com\\\/en\\\/investor-area\\\/\",\"url\":\"https:\\\/\\\/corporate.nacongaming.com\\\/en\\\/investor-area\\\/\",\"name\":\"Investor area - Nacon Corporate\",\"isPartOf\":{\"@id\":\"https:\\\/\\\/corporate.nacongaming.com\\\/en\\\/#website\"},\"datePublished\":\"2024-02-14T08:23:32+00:00\",\"dateModified\":\"2026-02-25T06:02:15+00:00\",\"breadcrumb\":{\"@id\":\"https:\\\/\\\/corporate.nacongaming.com\\\/en\\\/investor-area\\\/#breadcrumb\"},\"inLanguage\":\"en-US\",\"potentialAction\":[{\"@type\":\"ReadAction\",\"target\":[\"https:\\\/\\\/corporate.nacongaming.com\\\/en\\\/investor-area\\\/\"]}]},{\"@type\":\"BreadcrumbList\",\"@id\":\"https:\\\/\\\/corporate.nacongaming.com\\\/en\\\/investor-area\\\/#breadcrumb\",\"itemListElement\":[{\"@type\":\"ListItem\",\"position\":1,\"name\":\"Accueil\",\"item\":\"https:\\\/\\\/corporate.nacongaming.com\\\/en\\\/\"},{\"@type\":\"ListItem\",\"position\":2,\"name\":\"Investor area\"}]},{\"@type\":\"WebSite\",\"@id\":\"https:\\\/\\\/corporate.nacongaming.com\\\/en\\\/#website\",\"url\":\"https:\\\/\\\/corporate.nacongaming.com\\\/en\\\/\",\"name\":\"Nacon Corporate\",\"description\":\"Site internet de l&#039;entreprise Nacon\",\"publisher\":{\"@id\":\"https:\\\/\\\/corporate.nacongaming.com\\\/en\\\/#organization\"},\"potentialAction\":[{\"@type\":\"SearchAction\",\"target\":{\"@type\":\"EntryPoint\",\"urlTemplate\":\"https:\\\/\\\/corporate.nacongaming.com\\\/en\\\/?s={search_term_string}\"},\"query-input\":{\"@type\":\"PropertyValueSpecification\",\"valueRequired\":true,\"valueName\":\"search_term_string\"}}],\"inLanguage\":\"en-US\"},{\"@type\":\"Organization\",\"@id\":\"https:\\\/\\\/corporate.nacongaming.com\\\/en\\\/#organization\",\"name\":\"Nacon\",\"url\":\"https:\\\/\\\/corporate.nacongaming.com\\\/en\\\/\",\"logo\":{\"@type\":\"ImageObject\",\"inLanguage\":\"en-US\",\"@id\":\"https:\\\/\\\/corporate.nacongaming.com\\\/en\\\/#\\\/schema\\\/logo\\\/image\\\/\",\"url\":\"http:\\\/\\\/vps-387abac1.vps.ovh.net\\\/wp-content\\\/uploads\\\/2019\\\/11\\\/logo-nacon-black.svg\",\"contentUrl\":\"http:\\\/\\\/vps-387abac1.vps.ovh.net\\\/wp-content\\\/uploads\\\/2019\\\/11\\\/logo-nacon-black.svg\",\"width\":1,\"height\":1,\"caption\":\"Nacon\"},\"image\":{\"@id\":\"https:\\\/\\\/corporate.nacongaming.com\\\/en\\\/#\\\/schema\\\/logo\\\/image\\\/\"}}]}<\/script>\n<!-- \/ Yoast SEO plugin. -->","yoast_head_json":{"title":"Investor area - Nacon Corporate","robots":{"index":"index","follow":"nofollow","max-snippet":"max-snippet:-1","max-image-preview":"max-image-preview:large","max-video-preview":"max-video-preview:-1"},"canonical":"https:\/\/corporate.nacongaming.com\/en\/investor-area\/","og_locale":"en_US","og_type":"article","og_title":"Investor area - Nacon Corporate","og_url":"https:\/\/corporate.nacongaming.com\/en\/investor-area\/","og_site_name":"Nacon Corporate","article_modified_time":"2026-02-25T06:02:15+00:00","twitter_card":"summary_large_image","twitter_misc":{"Est. reading time":"1 minute"},"schema":{"@context":"https:\/\/schema.org","@graph":[{"@type":"WebPage","@id":"https:\/\/corporate.nacongaming.com\/en\/investor-area\/","url":"https:\/\/corporate.nacongaming.com\/en\/investor-area\/","name":"Investor area - Nacon Corporate","isPartOf":{"@id":"https:\/\/corporate.nacongaming.com\/en\/#website"},"datePublished":"2024-02-14T08:23:32+00:00","dateModified":"2026-02-25T06:02:15+00:00","breadcrumb":{"@id":"https:\/\/corporate.nacongaming.com\/en\/investor-area\/#breadcrumb"},"inLanguage":"en-US","potentialAction":[{"@type":"ReadAction","target":["https:\/\/corporate.nacongaming.com\/en\/investor-area\/"]}]},{"@type":"BreadcrumbList","@id":"https:\/\/corporate.nacongaming.com\/en\/investor-area\/#breadcrumb","itemListElement":[{"@type":"ListItem","position":1,"name":"Accueil","item":"https:\/\/corporate.nacongaming.com\/en\/"},{"@type":"ListItem","position":2,"name":"Investor area"}]},{"@type":"WebSite","@id":"https:\/\/corporate.nacongaming.com\/en\/#website","url":"https:\/\/corporate.nacongaming.com\/en\/","name":"Nacon Corporate","description":"Site internet de l&#039;entreprise Nacon","publisher":{"@id":"https:\/\/corporate.nacongaming.com\/en\/#organization"},"potentialAction":[{"@type":"SearchAction","target":{"@type":"EntryPoint","urlTemplate":"https:\/\/corporate.nacongaming.com\/en\/?s={search_term_string}"},"query-input":{"@type":"PropertyValueSpecification","valueRequired":true,"valueName":"search_term_string"}}],"inLanguage":"en-US"},{"@type":"Organization","@id":"https:\/\/corporate.nacongaming.com\/en\/#organization","name":"Nacon","url":"https:\/\/corporate.nacongaming.com\/en\/","logo":{"@type":"ImageObject","inLanguage":"en-US","@id":"https:\/\/corporate.nacongaming.com\/en\/#\/schema\/logo\/image\/","url":"http:\/\/vps-387abac1.vps.ovh.net\/wp-content\/uploads\/2019\/11\/logo-nacon-black.svg","contentUrl":"http:\/\/vps-387abac1.vps.ovh.net\/wp-content\/uploads\/2019\/11\/logo-nacon-black.svg","width":1,"height":1,"caption":"Nacon"},"image":{"@id":"https:\/\/corporate.nacongaming.com\/en\/#\/schema\/logo\/image\/"}}]}},"_links":{"self":[{"href":"https:\/\/corporate.nacongaming.com\/en\/wp-json\/wp\/v2\/pages\/10500","targetHints":{"allow":["GET"]}}],"collection":[{"href":"https:\/\/corporate.nacongaming.com\/en\/wp-json\/wp\/v2\/pages"}],"about":[{"href":"https:\/\/corporate.nacongaming.com\/en\/wp-json\/wp\/v2\/types\/page"}],"author":[{"embeddable":true,"href":"https:\/\/corporate.nacongaming.com\/en\/wp-json\/wp\/v2\/users\/16"}],"replies":[{"embeddable":true,"href":"https:\/\/corporate.nacongaming.com\/en\/wp-json\/wp\/v2\/comments?post=10500"}],"version-history":[{"count":8,"href":"https:\/\/corporate.nacongaming.com\/en\/wp-json\/wp\/v2\/pages\/10500\/revisions"}],"predecessor-version":[{"id":12451,"href":"https:\/\/corporate.nacongaming.com\/en\/wp-json\/wp\/v2\/pages\/10500\/revisions\/12451"}],"wp:attachment":[{"href":"https:\/\/corporate.nacongaming.com\/en\/wp-json\/wp\/v2\/media?parent=10500"}],"curies":[{"name":"wp","href":"https:\/\/api.w.org\/{rel}","templated":true}]}}