{"id":11236,"date":"2024-07-09T11:20:26","date_gmt":"2024-07-09T09:20:26","guid":{"rendered":"https:\/\/corporate.nacongaming.com\/?page_id=11236"},"modified":"2024-07-09T14:27:05","modified_gmt":"2024-07-09T12:27:05","slug":"home","status":"publish","type":"page","link":"https:\/\/corporate.nacongaming.com\/en\/","title":{"rendered":"Home"},"content":{"rendered":"<p>[et_pb_section fb_built=&#8221;1&#8243; admin_label=&#8221;Section 4 blocs&#8221; _builder_version=&#8221;4.25.1&#8243; background_color=&#8221;RGBA(255,255,255,0)&#8221; background_image=&#8221;https:\/\/corporate.nacongaming.com\/wp-content\/uploads\/2024\/02\/SITE-CORPO-2024_Background.jpg&#8221; background_position=&#8221;bottom_center&#8221; width=&#8221;70%&#8221; module_alignment=&#8221;center&#8221; custom_margin=&#8221;0px||0px|373px|true|false&#8221; custom_padding=&#8221;0px||100px||false|false&#8221; saved_tabs=&#8221;all&#8221; global_colors_info=&#8221;{}&#8221;][et_pb_row _builder_version=&#8221;4.24.0&#8243; _module_preset=&#8221;default&#8221; width=&#8221;85%&#8221; width_tablet=&#8221;85%&#8221; width_phone=&#8221;100%&#8221; width_last_edited=&#8221;on|phone&#8221; max_width=&#8221;2329px&#8221; locked=&#8221;off&#8221; global_colors_info=&#8221;{}&#8221;][et_pb_column type=&#8221;4_4&#8243; _builder_version=&#8221;4.24.0&#8243; _module_preset=&#8221;default&#8221; global_colors_info=&#8221;{}&#8221;][et_pb_text _builder_version=&#8221;4.24.0&#8243; _module_preset=&#8221;default&#8221; text_font=&#8221;Raleway|800|||||||&#8221; text_font_size=&#8221;64px&#8221; text_line_height=&#8221;1.6em&#8221; custom_padding=&#8221;||||false|false&#8221; text_text_color_tablet=&#8221;&#8221; text_text_color_phone=&#8221;&#8221; text_text_color_last_edited=&#8221;on|phone&#8221; global_colors_info=&#8221;{}&#8221;]<\/p>\n<p style=\"text-align: center;\"><strong>NACON, <i>PURE PLAYER<\/i> OF VIDEO GAME<\/strong><\/p>\n<p>[\/et_pb_text][et_pb_text _builder_version=&#8221;4.24.0&#8243; _module_preset=&#8221;default&#8221; text_font=&#8221;Raleway||||||||&#8221; text_font_size=&#8221;18px&#8221; text_line_height=&#8221;1.6em&#8221; global_colors_info=&#8221;{}&#8221;]<\/p>\n<p style=\"text-align: center;\">Welcome to the institutional website of NACON, a Bigben group company founded in 2019. The company is the result of 40 years of experience, bringing together the best in entertainment for gamers around the world.<\/p>\n<p>[\/et_pb_text][\/et_pb_column][\/et_pb_row][et_pb_row column_structure=&#8221;1_2,1_2&#8243; make_equal=&#8221;on&#8221; admin_label=&#8221;Ligne&#8221; _builder_version=&#8221;4.22.1&#8243; _module_preset=&#8221;default&#8221; background_color=&#8221;RGBA(255,255,255,0)&#8221; global_colors_info=&#8221;{}&#8221;][et_pb_column type=&#8221;1_2&#8243; admin_label=&#8221;Colonne&#8221; _builder_version=&#8221;4.22.1&#8243; _module_preset=&#8221;default&#8221; background_color=&#8221;RGBA(255,255,255,0)&#8221; link_option_url=&#8221;#&#8221; global_colors_info=&#8221;{}&#8221; background__hover_enabled=&#8221;on|hover&#8221; background_color__hover=&#8221;RGBA(255,255,255,0)&#8221; background_enable_color__hover=&#8221;on&#8221;][et_pb_cta title=&#8221;Presentation of Nacon&#8221; button_url=&#8221;@ET-DC@eyJkeW5hbWljIjp0cnVlLCJjb250ZW50IjoicG9zdF9saW5rX3VybF9wYWdlIiwic2V0dGluZ3MiOnsicG9zdF9pZCI6IjkzMTIifX0=@&#8221; button_text=&#8221;Learn more&#8221; admin_label=&#8221;Pr\u00e9sentation de Nacon&#8221; _builder_version=&#8221;4.24.0&#8243; _dynamic_attributes=&#8221;button_url&#8221; _module_preset=&#8221;default&#8221; header_text_align=&#8221;center&#8221; header_text_color=&#8221;#273343&#8243; header_font_size=&#8221;27px&#8221; header_line_height=&#8221;1.8em&#8221; background_color=&#8221;#FFFFFF&#8221; custom_button=&#8221;on&#8221; button_text_size=&#8221;17px&#8221; button_text_color=&#8221;#273343&#8243; header_font_size_tablet=&#8221;27px&#8221; header_font_size_phone=&#8221;20px&#8221; header_font_size_last_edited=&#8221;on|phone&#8221; box_shadow_style=&#8221;preset3&#8243; box_shadow_blur=&#8221;7px&#8221; box_shadow_spread=&#8221;-10px&#8221; global_colors_info=&#8221;{}&#8221; background_color__hover=&#8221;#e8e8e8&#8243; background_enable_color__hover=&#8221;on&#8221; header_text_color__hover_enabled=&#8221;on|desktop&#8221; header_text_color__hover=&#8221;#273343&#8243; button_bg_color__hover_enabled=&#8221;on|hover&#8221; button_bg_color__hover=&#8221;#FFFFFF&#8221; button_bg_enable_color__hover=&#8221;on&#8221; content__hover_enabled=&#8221;on|hover&#8221; content__hover=&#8221;&#8221; background__hover_enabled=&#8221;on|hover&#8221;][\/et_pb_cta][et_pb_cta title=&#8221;Press releases&#8221; button_url=&#8221;@ET-DC@eyJkeW5hbWljIjp0cnVlLCJjb250ZW50IjoicG9zdF9saW5rX3VybF9wYWdlIiwic2V0dGluZ3MiOnsicG9zdF9pZCI6IjkzNjkifX0=@&#8221; button_text=&#8221;Learn more&#8221; admin_label=&#8221;Communiqu\u00e9s de presse&#8221; _builder_version=&#8221;4.24.0&#8243; _dynamic_attributes=&#8221;button_url&#8221; _module_preset=&#8221;default&#8221; header_text_align=&#8221;center&#8221; header_text_color=&#8221;#273343&#8243; header_font_size=&#8221;27px&#8221; header_line_height=&#8221;1.8em&#8221; background_color=&#8221;#FFFFFF&#8221; custom_button=&#8221;on&#8221; button_text_size=&#8221;17px&#8221; button_text_color=&#8221;#273343&#8243; header_font_size_tablet=&#8221;27px&#8221; header_font_size_phone=&#8221;20px&#8221; header_font_size_last_edited=&#8221;on|phone&#8221; box_shadow_style=&#8221;preset3&#8243; box_shadow_blur=&#8221;7px&#8221; box_shadow_spread=&#8221;-10px&#8221; global_colors_info=&#8221;{}&#8221; background_color__hover=&#8221;#e8e8e8&#8243; background_enable_color__hover=&#8221;on&#8221; header_text_color__hover=&#8221;#273343&#8243; header_text_color__hover_enabled=&#8221;on|desktop&#8221; button_bg_color__hover=&#8221;#FFFFFF&#8221; button_bg_color__hover_enabled=&#8221;on|hover&#8221; background__hover_enabled=&#8221;on|hover&#8221;][\/et_pb_cta][\/et_pb_column][et_pb_column type=&#8221;1_2&#8243; _builder_version=&#8221;4.22.1&#8243; _module_preset=&#8221;default&#8221; global_colors_info=&#8221;{}&#8221;][et_pb_cta title=&#8221;Investor area&#8221; button_url=&#8221;@ET-DC@eyJkeW5hbWljIjp0cnVlLCJjb250ZW50IjoicG9zdF9saW5rX3VybF9wYWdlIiwic2V0dGluZ3MiOnsicG9zdF9pZCI6IjkzMjQifX0=@&#8221; button_text=&#8221;Learn more&#8221; admin_label=&#8221;Espace investisseurs&#8221; _builder_version=&#8221;4.24.0&#8243; _dynamic_attributes=&#8221;button_url&#8221; _module_preset=&#8221;default&#8221; header_text_align=&#8221;center&#8221; header_text_color=&#8221;#273343&#8243; header_font_size=&#8221;27px&#8221; header_line_height=&#8221;1.8em&#8221; background_color=&#8221;#FFFFFF&#8221; custom_button=&#8221;on&#8221; button_text_size=&#8221;17px&#8221; button_text_color=&#8221;#273343&#8243; header_font_size_tablet=&#8221;27px&#8221; header_font_size_phone=&#8221;20px&#8221; header_font_size_last_edited=&#8221;on|phone&#8221; box_shadow_style=&#8221;preset3&#8243; box_shadow_blur=&#8221;7px&#8221; box_shadow_spread=&#8221;-10px&#8221; global_colors_info=&#8221;{}&#8221; background_color__hover=&#8221;#e8e8e8&#8243; background_enable_color__hover=&#8221;on&#8221; header_text_color__hover=&#8221;#273343&#8243; header_text_color__hover_enabled=&#8221;on|desktop&#8221; button_bg_color__hover=&#8221;#FFFFFF&#8221; button_bg_color__hover_enabled=&#8221;on|hover&#8221; background__hover_enabled=&#8221;on|hover&#8221;][\/et_pb_cta][et_pb_cta title=&#8221;Eshop&#8221; button_url=&#8221;https:\/\/www.nacongaming.com\/&#8221; url_new_window=&#8221;on&#8221; button_text=&#8221;Go to Eshop&#8221; admin_label=&#8221;Eshop&#8221; _builder_version=&#8221;4.24.0&#8243; _module_preset=&#8221;default&#8221; header_text_align=&#8221;center&#8221; header_text_color=&#8221;#273343&#8243; header_font_size=&#8221;27px&#8221; header_line_height=&#8221;1.8em&#8221; background_color=&#8221;#FFFFFF&#8221; custom_button=&#8221;on&#8221; button_text_size=&#8221;17px&#8221; button_text_color=&#8221;#273343&#8243; header_font_size_tablet=&#8221;27px&#8221; header_font_size_phone=&#8221;20px&#8221; header_font_size_last_edited=&#8221;on|phone&#8221; box_shadow_style=&#8221;preset3&#8243; box_shadow_blur=&#8221;7px&#8221; box_shadow_spread=&#8221;-10px&#8221; global_colors_info=&#8221;{}&#8221; background_color__hover=&#8221;#e8e8e8&#8243; background_enable_color__hover=&#8221;on&#8221; header_text_color__hover=&#8221;#273343&#8243; header_text_color__hover_enabled=&#8221;on|desktop&#8221; button_bg_color__hover=&#8221;#FFFFFF&#8221; button_bg_color__hover_enabled=&#8221;on|hover&#8221; background__hover_enabled=&#8221;on|hover&#8221;][\/et_pb_cta][\/et_pb_column][\/et_pb_row][\/et_pb_section]<\/p>\n","protected":false},"excerpt":{"rendered":"<p>NACON, PURE PLAYER OF VIDEO GAMEWelcome to the institutional website of NACON, a Bigben group company founded in 2019. The company is the result of 40 years of experience, bringing together the best in entertainment for gamers around the world.<\/p>\n","protected":false},"author":14,"featured_media":0,"parent":1706,"menu_order":0,"comment_status":"closed","ping_status":"closed","template":"","meta":{"_et_pb_use_builder":"on","_et_pb_old_content":"<p>[et_pb_section fb_built=\"1\" admin_label=\"Section 4 blocs\" _builder_version=\"4.24.0\" background_enable_color=\"off\" width=\"70%\" module_alignment=\"center\" custom_margin=\"0px||0px|373px|true|false\" custom_padding=\"0px||100px||false|false\" hover_enabled=\"0\" saved_tabs=\"all\" global_colors_info=\"{}\" title_text=\"SITE CORPO 2024_Background\" background_image=\"http:\/\/vps-387abac1.vps.ovh.net\/wp-content\/uploads\/2024\/02\/SITE-CORPO-2024_Background.jpg\" background_position=\"bottom_center\" sticky_enabled=\"0\"][et_pb_row _builder_version=\"4.24.0\" _module_preset=\"default\" width=\"85%\" width_tablet=\"85%\" width_phone=\"100%\" width_last_edited=\"on|phone\" max_width=\"2329px\" hover_enabled=\"0\" global_colors_info=\"{}\" sticky_enabled=\"0\" locked=\"off\" theme_builder_area=\"post_content\"][et_pb_column type=\"4_4\" _builder_version=\"4.24.0\" _module_preset=\"default\" global_colors_info=\"{}\" theme_builder_area=\"post_content\"][et_pb_text _builder_version=\"4.24.0\" _module_preset=\"default\" text_font=\"Raleway|800|||||||\" text_font_size=\"75px\" text_line_height=\"1.6em\" custom_padding=\"||||false|false\" text_text_color_tablet=\"\" text_text_color_phone=\"\" text_text_color_last_edited=\"on|phone\" global_colors_info=\"{}\" theme_builder_area=\"post_content\"]<\/p><p style=\"text-align: center;\"><strong>NACON, <i>PURE PLAYER<\/i> DU JEU VID\u00c9O<\/strong><\/p><p>[\/et_pb_text][et_pb_text _builder_version=\"4.24.0\" _module_preset=\"default\" text_font=\"Raleway||||||||\" text_font_size=\"18px\" text_line_height=\"1.6em\" global_colors_info=\"{}\" theme_builder_area=\"post_content\"]<\/p><p style=\"text-align: center;\">Bienvenue sur le site institutionnel de NACON, soci\u00e9t\u00e9 du groupe Bigben fond\u00e9e en 2019. L\u2019entreprise est le fruit de 40 ans d'exp\u00e9rience, rassemblant le meilleur du divertissement pour les joueurs du monde entier.<\/p><p>[\/et_pb_text][\/et_pb_column][\/et_pb_row][et_pb_row column_structure=\"1_2,1_2\" make_equal=\"on\" admin_label=\"Ligne\" _builder_version=\"4.22.1\" _module_preset=\"default\" background_color=\"RGBA(255,255,255,0)\" global_colors_info=\"{}\"][et_pb_column type=\"1_2\" admin_label=\"Colonne\" _builder_version=\"4.22.1\" _module_preset=\"default\" background_color=\"RGBA(255,255,255,0)\" link_option_url=\"#\" global_colors_info=\"{}\" background__hover_enabled=\"on|hover\" background_color__hover=\"RGBA(255,255,255,0)\" background_enable_color__hover=\"on\"][et_pb_cta title=\"Pr\u00e9sentation de Nacon\" button_url=\"@ET-DC@eyJkeW5hbWljIjp0cnVlLCJjb250ZW50IjoicG9zdF9saW5rX3VybF9wYWdlIiwic2V0dGluZ3MiOnsicG9zdF9pZCI6IjkzMTIifX0=@\" button_text=\"En savoir +\" admin_label=\"Pr\u00e9sentation de Nacon\" _builder_version=\"4.24.0\" _dynamic_attributes=\"button_url\" _module_preset=\"default\" header_text_align=\"center\" header_text_color=\"#273343\" header_font_size=\"27px\" header_line_height=\"1.8em\" background_color=\"#FFFFFF\" custom_button=\"on\" button_text_size=\"17px\" button_text_color=\"#273343\" header_font_size_tablet=\"27px\" header_font_size_phone=\"20px\" header_font_size_last_edited=\"on|phone\" box_shadow_style=\"preset3\" box_shadow_blur=\"7px\" box_shadow_spread=\"-10px\" global_colors_info=\"{}\" background_color__hover=\"#e8e8e8\" background_enable_color__hover=\"on\" header_text_color__hover_enabled=\"on|desktop\" header_text_color__hover=\"#273343\" button_bg_color__hover_enabled=\"on|hover\" button_bg_color__hover=\"#FFFFFF\" button_bg_enable_color__hover=\"on\" content__hover_enabled=\"on|hover\" content__hover=\"\" background__hover_enabled=\"on|hover\"][\/et_pb_cta][et_pb_cta title=\"Communiqu\u00e9s de presse\" button_url=\"@ET-DC@eyJkeW5hbWljIjp0cnVlLCJjb250ZW50IjoicG9zdF9saW5rX3VybF9wYWdlIiwic2V0dGluZ3MiOnsicG9zdF9pZCI6IjkzNjkifX0=@\" button_text=\"En savoir +\" admin_label=\"Communiqu\u00e9s de presse\" _builder_version=\"4.22.1\" _dynamic_attributes=\"button_url\" _module_preset=\"default\" header_text_align=\"center\" header_text_color=\"#273343\" header_font_size=\"27px\" header_line_height=\"1.8em\" background_color=\"#FFFFFF\" custom_button=\"on\" button_text_size=\"17px\" button_text_color=\"#273343\" header_font_size_tablet=\"27px\" header_font_size_phone=\"20px\" header_font_size_last_edited=\"on|phone\" box_shadow_style=\"preset3\" box_shadow_blur=\"7px\" box_shadow_spread=\"-10px\" global_colors_info=\"{}\" background_color__hover=\"#e8e8e8\" background_enable_color__hover=\"on\" header_text_color__hover=\"#273343\" header_text_color__hover_enabled=\"on|desktop\" button_bg_color__hover=\"#FFFFFF\" button_bg_color__hover_enabled=\"on|hover\" background__hover_enabled=\"on|hover\"][\/et_pb_cta][\/et_pb_column][et_pb_column type=\"1_2\" _builder_version=\"4.22.1\" _module_preset=\"default\" global_colors_info=\"{}\"][et_pb_cta title=\"Espace investisseurs\" button_url=\"@ET-DC@eyJkeW5hbWljIjp0cnVlLCJjb250ZW50IjoicG9zdF9saW5rX3VybF9wYWdlIiwic2V0dGluZ3MiOnsicG9zdF9pZCI6IjkzMjQifX0=@\" button_text=\"En savoir +\" admin_label=\"Espace investisseurs\" _builder_version=\"4.22.1\" _dynamic_attributes=\"button_url\" _module_preset=\"default\" header_text_align=\"center\" header_text_color=\"#273343\" header_font_size=\"27px\" header_line_height=\"1.8em\" background_color=\"#FFFFFF\" custom_button=\"on\" button_text_size=\"17px\" button_text_color=\"#273343\" header_font_size_tablet=\"27px\" header_font_size_phone=\"20px\" header_font_size_last_edited=\"on|phone\" box_shadow_style=\"preset3\" box_shadow_blur=\"7px\" box_shadow_spread=\"-10px\" global_colors_info=\"{}\" background_color__hover=\"#e8e8e8\" background_enable_color__hover=\"on\" header_text_color__hover=\"#273343\" header_text_color__hover_enabled=\"on|desktop\" button_bg_color__hover=\"#FFFFFF\" button_bg_color__hover_enabled=\"on|hover\" background__hover_enabled=\"on|hover\"][\/et_pb_cta][et_pb_cta title=\"Eshop\" button_url=\"https:\/\/www.nacongaming.com\/\" url_new_window=\"on\" button_text=\"Voir la boutique\" admin_label=\"Eshop\" _builder_version=\"4.22.1\" _module_preset=\"default\" header_text_align=\"center\" header_text_color=\"#273343\" header_font_size=\"27px\" header_line_height=\"1.8em\" background_color=\"#FFFFFF\" custom_button=\"on\" button_text_size=\"17px\" button_text_color=\"#273343\" header_font_size_tablet=\"27px\" header_font_size_phone=\"20px\" header_font_size_last_edited=\"on|phone\" box_shadow_style=\"preset3\" box_shadow_blur=\"7px\" box_shadow_spread=\"-10px\" global_colors_info=\"{}\" background_color__hover=\"#e8e8e8\" background_enable_color__hover=\"on\" header_text_color__hover=\"#273343\" header_text_color__hover_enabled=\"on|desktop\" button_bg_color__hover=\"#FFFFFF\" button_bg_color__hover_enabled=\"on|hover\" background__hover_enabled=\"on|hover\"][\/et_pb_cta][\/et_pb_column][\/et_pb_row][\/et_pb_section]<\/p>","_et_gb_content_width":"","footnotes":""},"class_list":["post-11236","page","type-page","status-publish","hentry"],"yoast_head":"<!-- This site is optimized with the Yoast SEO plugin v27.4 - https:\/\/yoast.com\/product\/yoast-seo-wordpress\/ -->\n<title>Home - Nacon Corporate<\/title>\n<meta name=\"robots\" content=\"index, follow, max-snippet:-1, max-image-preview:large, max-video-preview:-1\" \/>\n<link rel=\"canonical\" href=\"https:\/\/corporate.nacongaming.com\/en\/\" \/>\n<meta property=\"og:locale\" content=\"en_US\" \/>\n<meta property=\"og:type\" content=\"article\" \/>\n<meta property=\"og:title\" content=\"Home - Nacon Corporate\" \/>\n<meta property=\"og:url\" content=\"https:\/\/corporate.nacongaming.com\/en\/\" \/>\n<meta property=\"og:site_name\" content=\"Nacon Corporate\" \/>\n<meta property=\"article:modified_time\" content=\"2024-07-09T12:27:05+00:00\" \/>\n<meta name=\"twitter:card\" content=\"summary_large_image\" \/>\n<meta name=\"twitter:label1\" content=\"Est. reading time\" \/>\n\t<meta name=\"twitter:data1\" content=\"1 minute\" \/>\n<script type=\"application\/ld+json\" class=\"yoast-schema-graph\">{\"@context\":\"https:\\\/\\\/schema.org\",\"@graph\":[{\"@type\":\"WebPage\",\"@id\":\"https:\\\/\\\/corporate.nacongaming.com\\\/en\\\/\",\"url\":\"https:\\\/\\\/corporate.nacongaming.com\\\/en\\\/\",\"name\":\"Home - Nacon Corporate\",\"isPartOf\":{\"@id\":\"https:\\\/\\\/corporate.nacongaming.com\\\/en\\\/#website\"},\"datePublished\":\"2024-07-09T09:20:26+00:00\",\"dateModified\":\"2024-07-09T12:27:05+00:00\",\"breadcrumb\":{\"@id\":\"https:\\\/\\\/corporate.nacongaming.com\\\/en\\\/#breadcrumb\"},\"inLanguage\":\"en-US\",\"potentialAction\":[{\"@type\":\"ReadAction\",\"target\":[\"https:\\\/\\\/corporate.nacongaming.com\\\/en\\\/\"]}]},{\"@type\":\"BreadcrumbList\",\"@id\":\"https:\\\/\\\/corporate.nacongaming.com\\\/en\\\/#breadcrumb\",\"itemListElement\":[{\"@type\":\"ListItem\",\"position\":1,\"name\":\"Accueil\",\"item\":\"https:\\\/\\\/corporate.nacongaming.com\\\/en\\\/\"},{\"@type\":\"ListItem\",\"position\":2,\"name\":\"Home\"}]},{\"@type\":\"WebSite\",\"@id\":\"https:\\\/\\\/corporate.nacongaming.com\\\/en\\\/#website\",\"url\":\"https:\\\/\\\/corporate.nacongaming.com\\\/en\\\/\",\"name\":\"Nacon Corporate\",\"description\":\"Site internet de l&#039;entreprise Nacon\",\"publisher\":{\"@id\":\"https:\\\/\\\/corporate.nacongaming.com\\\/en\\\/#organization\"},\"potentialAction\":[{\"@type\":\"SearchAction\",\"target\":{\"@type\":\"EntryPoint\",\"urlTemplate\":\"https:\\\/\\\/corporate.nacongaming.com\\\/en\\\/?s={search_term_string}\"},\"query-input\":{\"@type\":\"PropertyValueSpecification\",\"valueRequired\":true,\"valueName\":\"search_term_string\"}}],\"inLanguage\":\"en-US\"},{\"@type\":\"Organization\",\"@id\":\"https:\\\/\\\/corporate.nacongaming.com\\\/en\\\/#organization\",\"name\":\"Nacon\",\"url\":\"https:\\\/\\\/corporate.nacongaming.com\\\/en\\\/\",\"logo\":{\"@type\":\"ImageObject\",\"inLanguage\":\"en-US\",\"@id\":\"https:\\\/\\\/corporate.nacongaming.com\\\/en\\\/#\\\/schema\\\/logo\\\/image\\\/\",\"url\":\"http:\\\/\\\/vps-387abac1.vps.ovh.net\\\/wp-content\\\/uploads\\\/2019\\\/11\\\/logo-nacon-black.svg\",\"contentUrl\":\"http:\\\/\\\/vps-387abac1.vps.ovh.net\\\/wp-content\\\/uploads\\\/2019\\\/11\\\/logo-nacon-black.svg\",\"width\":1,\"height\":1,\"caption\":\"Nacon\"},\"image\":{\"@id\":\"https:\\\/\\\/corporate.nacongaming.com\\\/en\\\/#\\\/schema\\\/logo\\\/image\\\/\"}}]}<\/script>\n<!-- \/ Yoast SEO plugin. -->","yoast_head_json":{"title":"Home - Nacon Corporate","robots":{"index":"index","follow":"follow","max-snippet":"max-snippet:-1","max-image-preview":"max-image-preview:large","max-video-preview":"max-video-preview:-1"},"canonical":"https:\/\/corporate.nacongaming.com\/en\/","og_locale":"en_US","og_type":"article","og_title":"Home - Nacon Corporate","og_url":"https:\/\/corporate.nacongaming.com\/en\/","og_site_name":"Nacon Corporate","article_modified_time":"2024-07-09T12:27:05+00:00","twitter_card":"summary_large_image","twitter_misc":{"Est. reading time":"1 minute"},"schema":{"@context":"https:\/\/schema.org","@graph":[{"@type":"WebPage","@id":"https:\/\/corporate.nacongaming.com\/en\/","url":"https:\/\/corporate.nacongaming.com\/en\/","name":"Home - Nacon Corporate","isPartOf":{"@id":"https:\/\/corporate.nacongaming.com\/en\/#website"},"datePublished":"2024-07-09T09:20:26+00:00","dateModified":"2024-07-09T12:27:05+00:00","breadcrumb":{"@id":"https:\/\/corporate.nacongaming.com\/en\/#breadcrumb"},"inLanguage":"en-US","potentialAction":[{"@type":"ReadAction","target":["https:\/\/corporate.nacongaming.com\/en\/"]}]},{"@type":"BreadcrumbList","@id":"https:\/\/corporate.nacongaming.com\/en\/#breadcrumb","itemListElement":[{"@type":"ListItem","position":1,"name":"Accueil","item":"https:\/\/corporate.nacongaming.com\/en\/"},{"@type":"ListItem","position":2,"name":"Home"}]},{"@type":"WebSite","@id":"https:\/\/corporate.nacongaming.com\/en\/#website","url":"https:\/\/corporate.nacongaming.com\/en\/","name":"Nacon Corporate","description":"Site internet de l&#039;entreprise Nacon","publisher":{"@id":"https:\/\/corporate.nacongaming.com\/en\/#organization"},"potentialAction":[{"@type":"SearchAction","target":{"@type":"EntryPoint","urlTemplate":"https:\/\/corporate.nacongaming.com\/en\/?s={search_term_string}"},"query-input":{"@type":"PropertyValueSpecification","valueRequired":true,"valueName":"search_term_string"}}],"inLanguage":"en-US"},{"@type":"Organization","@id":"https:\/\/corporate.nacongaming.com\/en\/#organization","name":"Nacon","url":"https:\/\/corporate.nacongaming.com\/en\/","logo":{"@type":"ImageObject","inLanguage":"en-US","@id":"https:\/\/corporate.nacongaming.com\/en\/#\/schema\/logo\/image\/","url":"http:\/\/vps-387abac1.vps.ovh.net\/wp-content\/uploads\/2019\/11\/logo-nacon-black.svg","contentUrl":"http:\/\/vps-387abac1.vps.ovh.net\/wp-content\/uploads\/2019\/11\/logo-nacon-black.svg","width":1,"height":1,"caption":"Nacon"},"image":{"@id":"https:\/\/corporate.nacongaming.com\/en\/#\/schema\/logo\/image\/"}}]}},"_links":{"self":[{"href":"https:\/\/corporate.nacongaming.com\/en\/wp-json\/wp\/v2\/pages\/11236","targetHints":{"allow":["GET"]}}],"collection":[{"href":"https:\/\/corporate.nacongaming.com\/en\/wp-json\/wp\/v2\/pages"}],"about":[{"href":"https:\/\/corporate.nacongaming.com\/en\/wp-json\/wp\/v2\/types\/page"}],"author":[{"embeddable":true,"href":"https:\/\/corporate.nacongaming.com\/en\/wp-json\/wp\/v2\/users\/14"}],"replies":[{"embeddable":true,"href":"https:\/\/corporate.nacongaming.com\/en\/wp-json\/wp\/v2\/comments?post=11236"}],"version-history":[{"count":12,"href":"https:\/\/corporate.nacongaming.com\/en\/wp-json\/wp\/v2\/pages\/11236\/revisions"}],"predecessor-version":[{"id":11588,"href":"https:\/\/corporate.nacongaming.com\/en\/wp-json\/wp\/v2\/pages\/11236\/revisions\/11588"}],"up":[{"embeddable":true,"href":"https:\/\/corporate.nacongaming.com\/en\/wp-json\/wp\/v2\/pages\/1706"}],"wp:attachment":[{"href":"https:\/\/corporate.nacongaming.com\/en\/wp-json\/wp\/v2\/media?parent=11236"}],"curies":[{"name":"wp","href":"https:\/\/api.w.org\/{rel}","templated":true}]}}