{"id":2559,"date":"2020-02-07T15:25:51","date_gmt":"2020-02-07T14:25:51","guid":{"rendered":"http:\/\/ipo.nacongaming.com\/biographie-yannick-allaert\/"},"modified":"2024-02-14T10:04:46","modified_gmt":"2024-02-14T09:04:46","slug":"yannick-allaert-biography","status":"publish","type":"page","link":"https:\/\/corporate.nacongaming.com\/en\/yannick-allaert-biography\/","title":{"rendered":"Yannick Allaert Biography"},"content":{"rendered":"<p>[et_pb_section fb_built=&#8221;1&#8243; fullwidth=&#8221;on&#8221; _builder_version=&#8221;4.16&#8243; locked=&#8221;off&#8221; global_colors_info=&#8221;{}&#8221;][et_pb_fullwidth_header title=&#8221;Yannick Allaert&#8221; subhead=&#8221;Head of Accessories&#8221; text_orientation=&#8221;center&#8221; module_class=&#8221;content-header&#8221; _builder_version=&#8221;4.24.0&#8243; title_font=&#8221;|||on|||||&#8221; title_text_align=&#8221;center&#8221; title_font_size=&#8221;100px&#8221; content_text_align=&#8221;center&#8221; background_position=&#8221;top_center&#8221; background_enable_video_mp4=&#8221;off&#8221; background_enable_video_webm=&#8221;off&#8221; background_video_width=&#8221;640&#8243; background_video_height=&#8221;360&#8243; background_layout=&#8221;light&#8221; width_last_edited=&#8221;off|desktop&#8221; hover_enabled=&#8221;0&#8243; title_font_size_tablet=&#8221;50px&#8221; title_font_size_phone=&#8221;30px&#8221; title_font_size_last_edited=&#8221;on|phone&#8221; custom_css_main_element=&#8221;height: 100%&#8221; global_colors_info=&#8221;{}&#8221; background_enable_image=&#8221;off&#8221; background_color=&#8221;#f5f5f5&#8243; sticky_enabled=&#8221;0&#8243;][\/et_pb_fullwidth_header][\/et_pb_section][et_pb_section fb_built=&#8221;1&#8243; _builder_version=&#8221;4.16&#8243; global_colors_info=&#8221;{}&#8221;][et_pb_row column_structure=&#8221;1_3,2_3&#8243; _builder_version=&#8221;4.16&#8243; background_size=&#8221;initial&#8221; background_position=&#8221;top_left&#8221; background_repeat=&#8221;repeat&#8221; global_colors_info=&#8221;{}&#8221;][et_pb_column type=&#8221;1_3&#8243; _builder_version=&#8221;4.16&#8243; custom_padding=&#8221;|||&#8221; global_colors_info=&#8221;{}&#8221; custom_padding__hover=&#8221;|||&#8221;][et_pb_image src=&#8221;http:\/\/vps-387abac1.vps.ovh.net\/wp-content\/uploads\/2019\/11\/yannick-allaert.png&#8221; _builder_version=&#8221;4.16&#8243; global_colors_info=&#8221;{}&#8221;][\/et_pb_image][\/et_pb_column][et_pb_column type=&#8221;2_3&#8243; _builder_version=&#8221;4.16&#8243; custom_padding=&#8221;|||&#8221; global_colors_info=&#8221;{}&#8221; custom_padding__hover=&#8221;|||&#8221;][et_pb_text _builder_version=&#8221;4.16&#8243; background_size=&#8221;initial&#8221; background_position=&#8221;top_left&#8221; background_repeat=&#8221;repeat&#8221; global_colors_info=&#8221;{}&#8221;]<\/p>\n<p>Yannick Allaert joined Bigben 35 years ago and has moved up through the ranks to become a member of the Management Committee. Throughout his career he has acquired many skills and held various positions in logistics, transport, inventory management, product development, marketing and communication, purchasing and international trade. He was thus responsible for opening up new markets and setting up the Group&#8217;s Accessories division. At the beginning of the decade, in addition to his position as Head of Accessories, he became Chief Executive Officer of the Hong Kong subsidiary and now manages teams based in France, the UK, Hong Kong and China. Recognised as a genuine expert in the gaming accessories market, he is responsible for the partnership between Sony and NACON.<\/p>\n<p>[\/et_pb_text][\/et_pb_column][\/et_pb_row][\/et_pb_section]<\/p>\n","protected":false},"excerpt":{"rendered":"<p>Yannick Allaert joined Bigben 35 years ago and has moved up through the ranks to become a member of the Management Committee. Throughout his career he has acquired many skills and held various positions in logistics, transport, inventory management, product development, marketing and communication, purchasing and international trade. He was thus responsible for opening up [&hellip;]<\/p>\n","protected":false},"author":4,"featured_media":0,"parent":0,"menu_order":0,"comment_status":"closed","ping_status":"closed","template":"","meta":{"_et_pb_use_builder":"on","_et_pb_old_content":"<p>Monsieur Alain FALC cr\u00e9e BIGBEN INTERACTIVE en 1981 \u00e0 la fin de ses \u00e9tudes et acquiert rapidement un savoir\u2013faire industriel et commercial dans le domaine de la montre et des produits \u00e9lectroniques promotionnels.<\/p><p>En 1993, il d\u00e9cide d\u2019investir le secteur naissant des jeux vid\u00e9o pour y d\u00e9cliner son savoir-faire. Devenu leader de la conception-fabrication d\u2019accessoires pour consoles de jeux vid\u00e9o en France en 1999, il fait introduire la Soci\u00e9t\u00e9 en bourse et m\u00e8ne son d\u00e9veloppement \u00e0 l\u2019international avec des implantations au Benelux, en Grande Bretagne, en Allemagne, \u00e0 Hong-Kong, en Espagne et en Italie.<\/p><p>En r\u00e9alisant l\u2019acquisition de l\u2019activit\u00e9 Conception et distribution d\u2019accessoires de mobiles de \u00abModeLabs\u00bb (leader fran\u00e7ais de l\u2019accessoire pour t\u00e9l\u00e9phonie mobile) en 2011, devenue \u00ab Bigben Connected \u00bb en mai 2013, Alain FALC installe Bigben comme un acteur majeur des accessoires de convergence num\u00e9rique. Les r\u00e9centes acquisitions des trois studios de d\u00e9veloppement de jeux vid\u00e9o, Cyanide, Eko Software et Kylotonn KT Racing en 2018, positionnent d\u00e9sormais \u00e9galement BIGBEN comme \u00e9diteur-d\u00e9veloppeur sur le segment du jeu vid\u00e9o AA, lui permettant de s\u2019adresser \u00e0 un public large, composite et international. Le groupe dispose d\u00e9sormais d\u2019une capacit\u00e9 renforc\u00e9e et d\u2019un acc\u00e8s \u00e0 de nouveaux march\u00e9s permettant d\u2019acc\u00e9l\u00e9rer son d\u00e9veloppement commercial.<\/p>","_et_gb_content_width":"","footnotes":""},"class_list":["post-2559","page","type-page","status-publish","hentry"],"yoast_head":"<!-- This site is optimized with the Yoast SEO plugin v27.4 - https:\/\/yoast.com\/product\/yoast-seo-wordpress\/ -->\n<title>Yannick Allaert, Head of Accessories | NACON<\/title>\n<meta name=\"description\" content=\"Yannick Allaert joined Bigben 35 years ago and has moved up through the ranks to become a member of the Management Committee.\" \/>\n<meta name=\"robots\" content=\"index, follow, max-snippet:-1, max-image-preview:large, max-video-preview:-1\" \/>\n<link rel=\"canonical\" href=\"https:\/\/corporate.nacongaming.com\/en\/yannick-allaert-biography\/\" \/>\n<meta property=\"og:locale\" content=\"en_US\" \/>\n<meta property=\"og:type\" content=\"article\" \/>\n<meta property=\"og:title\" content=\"Yannick Allaert, Head of Accessories | NACON\" \/>\n<meta property=\"og:description\" content=\"Yannick Allaert joined Bigben 35 years ago and has moved up through the ranks to become a member of the Management Committee.\" \/>\n<meta property=\"og:url\" content=\"https:\/\/corporate.nacongaming.com\/en\/yannick-allaert-biography\/\" \/>\n<meta property=\"og:site_name\" content=\"Nacon Corporate\" \/>\n<meta property=\"article:modified_time\" content=\"2024-02-14T09:04:46+00:00\" \/>\n<meta name=\"twitter:card\" content=\"summary_large_image\" \/>\n<meta name=\"twitter:label1\" content=\"Est. reading time\" \/>\n\t<meta name=\"twitter:data1\" content=\"2 minutes\" \/>\n<script type=\"application\/ld+json\" class=\"yoast-schema-graph\">{\"@context\":\"https:\\\/\\\/schema.org\",\"@graph\":[{\"@type\":\"WebPage\",\"@id\":\"https:\\\/\\\/corporate.nacongaming.com\\\/en\\\/yannick-allaert-biography\\\/\",\"url\":\"https:\\\/\\\/corporate.nacongaming.com\\\/en\\\/yannick-allaert-biography\\\/\",\"name\":\"Yannick Allaert, Head of Accessories | NACON\",\"isPartOf\":{\"@id\":\"https:\\\/\\\/corporate.nacongaming.com\\\/en\\\/#website\"},\"datePublished\":\"2020-02-07T14:25:51+00:00\",\"dateModified\":\"2024-02-14T09:04:46+00:00\",\"description\":\"Yannick Allaert joined Bigben 35 years ago and has moved up through the ranks to become a member of the Management Committee.\",\"breadcrumb\":{\"@id\":\"https:\\\/\\\/corporate.nacongaming.com\\\/en\\\/yannick-allaert-biography\\\/#breadcrumb\"},\"inLanguage\":\"en-US\",\"potentialAction\":[{\"@type\":\"ReadAction\",\"target\":[\"https:\\\/\\\/corporate.nacongaming.com\\\/en\\\/yannick-allaert-biography\\\/\"]}]},{\"@type\":\"BreadcrumbList\",\"@id\":\"https:\\\/\\\/corporate.nacongaming.com\\\/en\\\/yannick-allaert-biography\\\/#breadcrumb\",\"itemListElement\":[{\"@type\":\"ListItem\",\"position\":1,\"name\":\"Accueil\",\"item\":\"https:\\\/\\\/corporate.nacongaming.com\\\/en\\\/\"},{\"@type\":\"ListItem\",\"position\":2,\"name\":\"Yannick Allaert Biography\"}]},{\"@type\":\"WebSite\",\"@id\":\"https:\\\/\\\/corporate.nacongaming.com\\\/en\\\/#website\",\"url\":\"https:\\\/\\\/corporate.nacongaming.com\\\/en\\\/\",\"name\":\"Nacon Corporate\",\"description\":\"Site internet de l&#039;entreprise Nacon\",\"publisher\":{\"@id\":\"https:\\\/\\\/corporate.nacongaming.com\\\/en\\\/#organization\"},\"potentialAction\":[{\"@type\":\"SearchAction\",\"target\":{\"@type\":\"EntryPoint\",\"urlTemplate\":\"https:\\\/\\\/corporate.nacongaming.com\\\/en\\\/?s={search_term_string}\"},\"query-input\":{\"@type\":\"PropertyValueSpecification\",\"valueRequired\":true,\"valueName\":\"search_term_string\"}}],\"inLanguage\":\"en-US\"},{\"@type\":\"Organization\",\"@id\":\"https:\\\/\\\/corporate.nacongaming.com\\\/en\\\/#organization\",\"name\":\"Nacon\",\"url\":\"https:\\\/\\\/corporate.nacongaming.com\\\/en\\\/\",\"logo\":{\"@type\":\"ImageObject\",\"inLanguage\":\"en-US\",\"@id\":\"https:\\\/\\\/corporate.nacongaming.com\\\/en\\\/#\\\/schema\\\/logo\\\/image\\\/\",\"url\":\"http:\\\/\\\/vps-387abac1.vps.ovh.net\\\/wp-content\\\/uploads\\\/2019\\\/11\\\/logo-nacon-black.svg\",\"contentUrl\":\"http:\\\/\\\/vps-387abac1.vps.ovh.net\\\/wp-content\\\/uploads\\\/2019\\\/11\\\/logo-nacon-black.svg\",\"width\":1,\"height\":1,\"caption\":\"Nacon\"},\"image\":{\"@id\":\"https:\\\/\\\/corporate.nacongaming.com\\\/en\\\/#\\\/schema\\\/logo\\\/image\\\/\"}}]}<\/script>\n<!-- \/ Yoast SEO plugin. -->","yoast_head_json":{"title":"Yannick Allaert, Head of Accessories | NACON","description":"Yannick Allaert joined Bigben 35 years ago and has moved up through the ranks to become a member of the Management Committee.","robots":{"index":"index","follow":"follow","max-snippet":"max-snippet:-1","max-image-preview":"max-image-preview:large","max-video-preview":"max-video-preview:-1"},"canonical":"https:\/\/corporate.nacongaming.com\/en\/yannick-allaert-biography\/","og_locale":"en_US","og_type":"article","og_title":"Yannick Allaert, Head of Accessories | NACON","og_description":"Yannick Allaert joined Bigben 35 years ago and has moved up through the ranks to become a member of the Management Committee.","og_url":"https:\/\/corporate.nacongaming.com\/en\/yannick-allaert-biography\/","og_site_name":"Nacon Corporate","article_modified_time":"2024-02-14T09:04:46+00:00","twitter_card":"summary_large_image","twitter_misc":{"Est. reading time":"2 minutes"},"schema":{"@context":"https:\/\/schema.org","@graph":[{"@type":"WebPage","@id":"https:\/\/corporate.nacongaming.com\/en\/yannick-allaert-biography\/","url":"https:\/\/corporate.nacongaming.com\/en\/yannick-allaert-biography\/","name":"Yannick Allaert, Head of Accessories | NACON","isPartOf":{"@id":"https:\/\/corporate.nacongaming.com\/en\/#website"},"datePublished":"2020-02-07T14:25:51+00:00","dateModified":"2024-02-14T09:04:46+00:00","description":"Yannick Allaert joined Bigben 35 years ago and has moved up through the ranks to become a member of the Management Committee.","breadcrumb":{"@id":"https:\/\/corporate.nacongaming.com\/en\/yannick-allaert-biography\/#breadcrumb"},"inLanguage":"en-US","potentialAction":[{"@type":"ReadAction","target":["https:\/\/corporate.nacongaming.com\/en\/yannick-allaert-biography\/"]}]},{"@type":"BreadcrumbList","@id":"https:\/\/corporate.nacongaming.com\/en\/yannick-allaert-biography\/#breadcrumb","itemListElement":[{"@type":"ListItem","position":1,"name":"Accueil","item":"https:\/\/corporate.nacongaming.com\/en\/"},{"@type":"ListItem","position":2,"name":"Yannick Allaert Biography"}]},{"@type":"WebSite","@id":"https:\/\/corporate.nacongaming.com\/en\/#website","url":"https:\/\/corporate.nacongaming.com\/en\/","name":"Nacon Corporate","description":"Site internet de l&#039;entreprise Nacon","publisher":{"@id":"https:\/\/corporate.nacongaming.com\/en\/#organization"},"potentialAction":[{"@type":"SearchAction","target":{"@type":"EntryPoint","urlTemplate":"https:\/\/corporate.nacongaming.com\/en\/?s={search_term_string}"},"query-input":{"@type":"PropertyValueSpecification","valueRequired":true,"valueName":"search_term_string"}}],"inLanguage":"en-US"},{"@type":"Organization","@id":"https:\/\/corporate.nacongaming.com\/en\/#organization","name":"Nacon","url":"https:\/\/corporate.nacongaming.com\/en\/","logo":{"@type":"ImageObject","inLanguage":"en-US","@id":"https:\/\/corporate.nacongaming.com\/en\/#\/schema\/logo\/image\/","url":"http:\/\/vps-387abac1.vps.ovh.net\/wp-content\/uploads\/2019\/11\/logo-nacon-black.svg","contentUrl":"http:\/\/vps-387abac1.vps.ovh.net\/wp-content\/uploads\/2019\/11\/logo-nacon-black.svg","width":1,"height":1,"caption":"Nacon"},"image":{"@id":"https:\/\/corporate.nacongaming.com\/en\/#\/schema\/logo\/image\/"}}]}},"_links":{"self":[{"href":"https:\/\/corporate.nacongaming.com\/en\/wp-json\/wp\/v2\/pages\/2559","targetHints":{"allow":["GET"]}}],"collection":[{"href":"https:\/\/corporate.nacongaming.com\/en\/wp-json\/wp\/v2\/pages"}],"about":[{"href":"https:\/\/corporate.nacongaming.com\/en\/wp-json\/wp\/v2\/types\/page"}],"author":[{"embeddable":true,"href":"https:\/\/corporate.nacongaming.com\/en\/wp-json\/wp\/v2\/users\/4"}],"replies":[{"embeddable":true,"href":"https:\/\/corporate.nacongaming.com\/en\/wp-json\/wp\/v2\/comments?post=2559"}],"version-history":[{"count":4,"href":"https:\/\/corporate.nacongaming.com\/en\/wp-json\/wp\/v2\/pages\/2559\/revisions"}],"predecessor-version":[{"id":10531,"href":"https:\/\/corporate.nacongaming.com\/en\/wp-json\/wp\/v2\/pages\/2559\/revisions\/10531"}],"wp:attachment":[{"href":"https:\/\/corporate.nacongaming.com\/en\/wp-json\/wp\/v2\/media?parent=2559"}],"curies":[{"name":"wp","href":"https:\/\/api.w.org\/{rel}","templated":true}]}}