{"id":4146,"date":"2020-03-26T18:04:43","date_gmt":"2020-03-26T17:04:43","guid":{"rendered":"https:\/\/corporate.nacongaming.com\/?page_id=4146"},"modified":"2025-02-18T15:17:56","modified_gmt":"2025-02-18T14:17:56","slug":"share-ownership-directors","status":"publish","type":"page","link":"https:\/\/corporate.nacongaming.com\/en\/investor-center\/share-ownership-directors\/","title":{"rendered":"Share Ownership &#038; Directors"},"content":{"rendered":"<p>[et_pb_section fb_built=&#8221;1&#8243; fullwidth=&#8221;on&#8221; _builder_version=&#8221;4.24.0&#8243; background_color=&#8221;#FFFFFF&#8221; locked=&#8221;off&#8221; global_colors_info=&#8221;{}&#8221;][et_pb_fullwidth_header title=&#8221;Share Ownership &#038; Directors&#8221; text_orientation=&#8221;center&#8221; admin_label=&#8221;En-t\u00eate plein \u00e9cran&#8221; module_class=&#8221;content-header&#8221; _builder_version=&#8221;4.24.0&#8243; title_font=&#8221;|||on|||||&#8221; title_text_align=&#8221;center&#8221; title_font_size=&#8221;79px&#8221; content_text_align=&#8221;center&#8221; background_color=&#8221;#f5f5f5&#8243; background_enable_image=&#8221;off&#8221; background_position=&#8221;top_center&#8221; background_enable_video_mp4=&#8221;off&#8221; background_enable_video_webm=&#8221;off&#8221; background_video_width=&#8221;640&#8243; background_video_height=&#8221;360&#8243; background_layout=&#8221;light&#8221; width_last_edited=&#8221;off|desktop&#8221; title_font_size_tablet=&#8221;50px&#8221; title_font_size_phone=&#8221;30px&#8221; title_font_size_last_edited=&#8221;on|phone&#8221; custom_css_main_element=&#8221;height: 100%&#8221; global_colors_info=&#8221;{}&#8221;][\/et_pb_fullwidth_header][\/et_pb_section][et_pb_section fb_built=&#8221;1&#8243; _builder_version=&#8221;4.24.0&#8243; custom_margin=&#8221;||||false|false&#8221; global_colors_info=&#8221;{}&#8221;][et_pb_row _builder_version=&#8221;4.16&#8243; global_colors_info=&#8221;{}&#8221;][et_pb_column type=&#8221;4_4&#8243; _builder_version=&#8221;4.16&#8243; global_colors_info=&#8221;{}&#8221;][et_pb_text _builder_version=&#8221;4.16&#8243; header_2_text_align=&#8221;center&#8221; global_colors_info=&#8221;{}&#8221;]<\/p>\n<h2 class=\"entry-title\">Our directors<\/h2>\n<p>[\/et_pb_text][et_pb_divider divider_position=&#8221;center&#8221; _builder_version=&#8221;4.16&#8243; width=&#8221;60%&#8221; module_alignment=&#8221;center&#8221; custom_margin=&#8221;-60px||||false|false&#8221; custom_padding=&#8221;0px||||false|false&#8221; custom_css_before=&#8221;border: 0; ||height: 1px; ||background-image: -webkit-linear-gradient(left, #fff, #233344, #fff);||background-image: -moz-linear-gradient(left, #fff, #233344, #fff);||background-image: -ms-linear-gradient(left, #fff, #233344, #fff);||background-image: -o-linear-gradient(left, #fff, #233344, #fff);&#8221; global_colors_info=&#8221;{}&#8221;][\/et_pb_divider][et_pb_text _builder_version=&#8221;4.16&#8243; header_3_text_color=&#8221;#233344&#8243; header_4_font=&#8221;|||||on|||&#8221; header_4_text_color=&#8221;#17d3d2&#8243; global_colors_info=&#8221;{}&#8221;]<\/p>\n<h3><strong>Alain FALC <\/strong><\/h3>\n<h4>Chairman of the Board of Directors<\/h4>\n<p>Alain Falc founded Bigben Interactive in 1981 when he finished his studies and rapidly acquired industrial and commercial know-how in watches and other promotional electronic products. In 1993, he moved into the budding video games sector.<\/p>\n<p>By 1999, when it was floated on the stock exchange, Bigben Interactive was one of the leading designers and manufacturers of accessories for third-party video games consoles (i.e. not made by the console manufacturers) in France. After its IPO, Bigben Interactive continued to expand internationally, with operations in the Benelux, the United Kingdom, Germany, Hong Kong, Spain and Italy.<\/p>\n<p>Having gradually built up the video games publishing business over the following decade, in 2011 Alain Falc acquired the smartphone accessories design and distribution business of ModeLabs, the French leader in smartphone accessories, which became Bigben Connected in May 2013.<\/p>\n<p>He then took the Bigben Group in another strategic direction in 2018-2019 through the acquisition of interests in five development studios: Cyanide, Eko Software, Kylotonn KT Racing, Spiders and RaceWard. In 2019, he successfully engineered the creation of NACON, the Bigben Group\u2019s integrated Gaming division and its successful IPO in March 2020.<\/p>\n<p>[\/et_pb_text][et_pb_text _builder_version=&#8221;4.16&#8243; header_3_text_color=&#8221;#233344&#8243; header_4_font=&#8221;|||||on|||&#8221; header_4_text_color=&#8221;#17d3d2&#8243; global_colors_info=&#8221;{}&#8221;]<\/p>\n<h3>S\u00e9bastien Bollor\u00e9<\/h3>\n<h4>Director<\/h4>\n<p>Managerial expertise and experience<\/p>\n<p>After studying at Gerson and Saint-Jean-de-Passy, S\u00e9bastien Bollor\u00e9 obtained his baccalaur\u00e9at and studied management at ISEG and then UCLA (California). S\u00e9bastien Bollor\u00e9 spends most of his time in Australia, and advises the Bollor\u00e9 group based on his knowledge of new media and technological developments.<\/p>\n<p>He is a director of Bigben Interactive SA since his appointment by the AGM of 28 July 2010.<\/p>\n<p>[\/et_pb_text][et_pb_text _builder_version=&#8221;4.16&#8243; header_3_text_color=&#8221;#233344&#8243; header_4_font=&#8221;|||||on|||&#8221; header_4_text_color=&#8221;#17d3d2&#8243; global_colors_info=&#8221;{}&#8221;]<\/p>\n<h3>Jacqueline De Vrieze<\/h3>\n<h4>Director<\/h4>\n<p>After working in the personal care industry (in a hair salon and beauty parlour) between 1976 and 1987, Jacqueline De Vrieze set up a fitness and beauty treatment company within a gym.<\/p>\n<p>In 1989, she joined the retail chain that is now known as Games.fr, as head of the store network before becoming the company\u2019s CEO in 1995. She led the transformation of the store network into a retail website in the early 2010s.<\/p>\n<p>She is a director of Bigben Interactive.<\/p>\n<p>[\/et_pb_text][et_pb_text disabled_on=&#8221;off|off|off&#8221; _builder_version=&#8221;4.16&#8243; header_3_text_color=&#8221;#233344&#8243; header_4_font=&#8221;|||||on|||&#8221; header_4_text_color=&#8221;#17d3d2&#8243; global_colors_info=&#8221;{}&#8221;]<\/p>\n<h3>Florence Lagrange<\/h3>\n<h4>Director<\/h4>\n<p>Holder of a DEA postgraduate diploma in economics.<\/p>\n<p>Florence Lagrange started her career as a financial journalist, before joining asset management company Fontenay Gestion as a buy-side analyst. After 10 years as an asset manager at independent asset management company Trusteam Finance, which applies extra-financial analysis based on customer satisfaction when assessing companies, she is now head of research.<\/p>\n<p>She was a director of Bigben Interactive since she was appointed in the AGM of 21 July 2017 until 21 January 2020.<\/p>\n<p>[\/et_pb_text][et_pb_text disabled_on=&#8221;off|off|off&#8221; _builder_version=&#8221;4.16&#8243; header_3_text_color=&#8221;#233344&#8243; header_4_font=&#8221;|||||on|||&#8221; header_4_text_color=&#8221;#17d3d2&#8243; global_colors_info=&#8221;{}&#8221;]<\/p>\n<h3>Richard Mamez<\/h3>\n<h4>Director<\/h4>\n<p>After starting his career in marketing in the food industry at Ferrero in Italy, Richard Mamez moved to the leisure industry. He worked in the ski equipment sector (Look, Lange) as international marketing manager, before becoming CEO of various companies in the industry (Browning, Look, Jeanneau). In 1996, he moved into the toys sector, becoming CEO of Majorette until it was acquired by Smoby in 2005, before returning as Chairman in 2008 to oversee its sale to the Simba group in 2010.<\/p>\n<p>In 2011, Richard became Chairman of Groupe Berger (interior fragrances) and grew its digital sales with the creation of a network of more than 100 stores in Asia, before arranging the group\u2019s sale to the Argos Wityu fund in 2018.<\/p>\n<p>He was a director of Bigben Interactive between 2010 and 2016. Then, he was appointed each year as a non-voting director as from 22 July 2016 until 21 January 2020.<\/p>\n<p>[\/et_pb_text][et_pb_text _builder_version=&#8221;4.16&#8243; header_3_text_color=&#8221;#233344&#8243; header_4_font=&#8221;|||||on|||&#8221; header_4_text_color=&#8221;#17d3d2&#8243; global_colors_info=&#8221;{}&#8221;]<\/p>\n<h3>Sylvie Pannetier<\/h3>\n<h4>Director<\/h4>\n<p>After completing her studies, Sylvie Pannetier joined Bigben Interactive in February 1995 in the finance department and has held roles in supplier accounting, treasury and credit management in her 20 years at the company.<\/p>\n<p>She now manages a team of nine people and is in charge of the Group\u2019s Treasury department as well as credit management at Bigben Interactive, Bigben Connected and Nacon.<\/p>\n<p>She is a director of Bigben Interactive since her appointment by the AGM of 31 August 2015.<\/p>\n<p>[\/et_pb_text][et_pb_text _builder_version=&#8221;4.27.4&#8243; header_3_text_color=&#8221;#233344&#8243; header_4_font=&#8221;|||||on|||&#8221; header_4_text_color=&#8221;#17d3d2&#8243; hover_enabled=&#8221;0&#8243; global_colors_info=&#8221;{}&#8221; sticky_enabled=&#8221;0&#8243;]<\/p>\n<h3>Jean-Christophe Thiery<\/h3>\n<h4>Director<\/h4>\n<p>After starting his career in local government, Jean Christophe Thi\u00e9ry joined the Bollor\u00e9 group in 2002 and became CEO of the Direct 8 TV channel in 2005.<\/p>\n<p>He was appointed Chairman of Bollor\u00e9 M\u00e9dia (media division of the Bollor\u00e9 group) in November 2008, taking over from Vincent Bollor\u00e9, with the brief of continuing its consolidation and growth in the media and telecoms industry. Jean Christophe Thiery is also CEO of the Bollor\u00e9 group\u2019s communications and media division and Chairman of Canal+\u2019s Supervisory Board.<\/p>\n<p>He is a director of Bigben Interactive SA since his appointment by the AGM of 26 July 2012.<\/p>\n<p>[\/et_pb_text][et_pb_text _builder_version=&#8221;4.24.0&#8243; header_3_text_color=&#8221;#233344&#8243; header_4_font=&#8221;|||||on|||&#8221; header_4_text_color=&#8221;#17d3d2&#8243; global_colors_info=&#8221;{}&#8221;]<\/p>\n<h3>Nicolas Parpex<\/h3>\n<h4>Director<\/h4>\n<p>As an equity investor for 15 years, Nicolas Parpex has headed up Bpifrance\u2019s creative and cultural industries unit (> \u20ac400 million in assets under management), which makes equity investments, ranging from seed money through to LBOs, and oversees all Bpifrance\u2019s French Touch-related activities. <\/p>\n<p>He has completed around twenty deals, primarily in the creative and cultural sectors and sits on the governance bodies of numerous industry companies, investment companies and the IFCIC. He teaches at HEC, EDHEC, Sciences Po and the Sorbonne, and is also a member of the Centre National du Cin\u00e9ma commission and of Pictanovo\u2019s panel of experts.<\/p>\n<p>He has been Bpifrance Investissements\u2019 representative since the latter was appointed in the Shareholders\u2019 General Meeting of 30 July 2020.[\/et_pb_text][\/et_pb_column][\/et_pb_row][\/et_pb_section]<\/p>\n","protected":false},"excerpt":{"rendered":"<p>Our directorsAlain FALC Chairman of the Board of Directors Alain Falc founded Bigben Interactive in 1981 when he finished his studies and rapidly acquired industrial and commercial know-how in watches and other promotional electronic products. In 1993, he moved into the budding video games sector. By 1999, when it was floated on the stock exchange, [&hellip;]<\/p>\n","protected":false},"author":8,"featured_media":0,"parent":4152,"menu_order":0,"comment_status":"closed","ping_status":"closed","template":"","meta":{"_et_pb_use_builder":"on","_et_pb_old_content":"","_et_gb_content_width":"","footnotes":""},"class_list":["post-4146","page","type-page","status-publish","hentry"],"yoast_head":"<!-- This site is optimized with the Yoast SEO plugin v27.3 - https:\/\/yoast.com\/product\/yoast-seo-wordpress\/ -->\n<title>Share Ownership &amp; Directors - Nacon Corporate<\/title>\n<meta name=\"robots\" content=\"index, follow, max-snippet:-1, max-image-preview:large, max-video-preview:-1\" \/>\n<link rel=\"canonical\" href=\"https:\/\/corporate.nacongaming.com\/en\/investor-center\/share-ownership-directors\/\" \/>\n<meta property=\"og:locale\" content=\"en_US\" \/>\n<meta property=\"og:type\" content=\"article\" \/>\n<meta property=\"og:title\" content=\"Share Ownership &amp; Directors - Nacon Corporate\" \/>\n<meta property=\"og:url\" content=\"https:\/\/corporate.nacongaming.com\/en\/investor-center\/share-ownership-directors\/\" \/>\n<meta property=\"og:site_name\" content=\"Nacon Corporate\" \/>\n<meta property=\"article:modified_time\" content=\"2025-02-18T14:17:56+00:00\" \/>\n<meta name=\"twitter:card\" content=\"summary_large_image\" \/>\n<meta name=\"twitter:label1\" content=\"Est. reading time\" \/>\n\t<meta name=\"twitter:data1\" content=\"6 minutes\" \/>\n<script type=\"application\/ld+json\" class=\"yoast-schema-graph\">{\"@context\":\"https:\\\/\\\/schema.org\",\"@graph\":[{\"@type\":\"WebPage\",\"@id\":\"https:\\\/\\\/corporate.nacongaming.com\\\/en\\\/investor-center\\\/share-ownership-directors\\\/\",\"url\":\"https:\\\/\\\/corporate.nacongaming.com\\\/en\\\/investor-center\\\/share-ownership-directors\\\/\",\"name\":\"Share Ownership & Directors - Nacon Corporate\",\"isPartOf\":{\"@id\":\"https:\\\/\\\/corporate.nacongaming.com\\\/en\\\/#website\"},\"datePublished\":\"2020-03-26T17:04:43+00:00\",\"dateModified\":\"2025-02-18T14:17:56+00:00\",\"breadcrumb\":{\"@id\":\"https:\\\/\\\/corporate.nacongaming.com\\\/en\\\/investor-center\\\/share-ownership-directors\\\/#breadcrumb\"},\"inLanguage\":\"en-US\",\"potentialAction\":[{\"@type\":\"ReadAction\",\"target\":[\"https:\\\/\\\/corporate.nacongaming.com\\\/en\\\/investor-center\\\/share-ownership-directors\\\/\"]}]},{\"@type\":\"BreadcrumbList\",\"@id\":\"https:\\\/\\\/corporate.nacongaming.com\\\/en\\\/investor-center\\\/share-ownership-directors\\\/#breadcrumb\",\"itemListElement\":[{\"@type\":\"ListItem\",\"position\":1,\"name\":\"Accueil\",\"item\":\"https:\\\/\\\/corporate.nacongaming.com\\\/en\\\/\"},{\"@type\":\"ListItem\",\"position\":2,\"name\":\"Share Ownership &#038; Directors\"}]},{\"@type\":\"WebSite\",\"@id\":\"https:\\\/\\\/corporate.nacongaming.com\\\/en\\\/#website\",\"url\":\"https:\\\/\\\/corporate.nacongaming.com\\\/en\\\/\",\"name\":\"Nacon Corporate\",\"description\":\"Site internet de l&#039;entreprise Nacon\",\"publisher\":{\"@id\":\"https:\\\/\\\/corporate.nacongaming.com\\\/en\\\/#organization\"},\"potentialAction\":[{\"@type\":\"SearchAction\",\"target\":{\"@type\":\"EntryPoint\",\"urlTemplate\":\"https:\\\/\\\/corporate.nacongaming.com\\\/en\\\/?s={search_term_string}\"},\"query-input\":{\"@type\":\"PropertyValueSpecification\",\"valueRequired\":true,\"valueName\":\"search_term_string\"}}],\"inLanguage\":\"en-US\"},{\"@type\":\"Organization\",\"@id\":\"https:\\\/\\\/corporate.nacongaming.com\\\/en\\\/#organization\",\"name\":\"Nacon\",\"url\":\"https:\\\/\\\/corporate.nacongaming.com\\\/en\\\/\",\"logo\":{\"@type\":\"ImageObject\",\"inLanguage\":\"en-US\",\"@id\":\"https:\\\/\\\/corporate.nacongaming.com\\\/en\\\/#\\\/schema\\\/logo\\\/image\\\/\",\"url\":\"http:\\\/\\\/vps-387abac1.vps.ovh.net\\\/wp-content\\\/uploads\\\/2019\\\/11\\\/logo-nacon-black.svg\",\"contentUrl\":\"http:\\\/\\\/vps-387abac1.vps.ovh.net\\\/wp-content\\\/uploads\\\/2019\\\/11\\\/logo-nacon-black.svg\",\"width\":1,\"height\":1,\"caption\":\"Nacon\"},\"image\":{\"@id\":\"https:\\\/\\\/corporate.nacongaming.com\\\/en\\\/#\\\/schema\\\/logo\\\/image\\\/\"}}]}<\/script>\n<!-- \/ Yoast SEO plugin. -->","yoast_head_json":{"title":"Share Ownership & Directors - Nacon Corporate","robots":{"index":"index","follow":"follow","max-snippet":"max-snippet:-1","max-image-preview":"max-image-preview:large","max-video-preview":"max-video-preview:-1"},"canonical":"https:\/\/corporate.nacongaming.com\/en\/investor-center\/share-ownership-directors\/","og_locale":"en_US","og_type":"article","og_title":"Share Ownership & Directors - Nacon Corporate","og_url":"https:\/\/corporate.nacongaming.com\/en\/investor-center\/share-ownership-directors\/","og_site_name":"Nacon Corporate","article_modified_time":"2025-02-18T14:17:56+00:00","twitter_card":"summary_large_image","twitter_misc":{"Est. reading time":"6 minutes"},"schema":{"@context":"https:\/\/schema.org","@graph":[{"@type":"WebPage","@id":"https:\/\/corporate.nacongaming.com\/en\/investor-center\/share-ownership-directors\/","url":"https:\/\/corporate.nacongaming.com\/en\/investor-center\/share-ownership-directors\/","name":"Share Ownership & Directors - Nacon Corporate","isPartOf":{"@id":"https:\/\/corporate.nacongaming.com\/en\/#website"},"datePublished":"2020-03-26T17:04:43+00:00","dateModified":"2025-02-18T14:17:56+00:00","breadcrumb":{"@id":"https:\/\/corporate.nacongaming.com\/en\/investor-center\/share-ownership-directors\/#breadcrumb"},"inLanguage":"en-US","potentialAction":[{"@type":"ReadAction","target":["https:\/\/corporate.nacongaming.com\/en\/investor-center\/share-ownership-directors\/"]}]},{"@type":"BreadcrumbList","@id":"https:\/\/corporate.nacongaming.com\/en\/investor-center\/share-ownership-directors\/#breadcrumb","itemListElement":[{"@type":"ListItem","position":1,"name":"Accueil","item":"https:\/\/corporate.nacongaming.com\/en\/"},{"@type":"ListItem","position":2,"name":"Share Ownership &#038; Directors"}]},{"@type":"WebSite","@id":"https:\/\/corporate.nacongaming.com\/en\/#website","url":"https:\/\/corporate.nacongaming.com\/en\/","name":"Nacon Corporate","description":"Site internet de l&#039;entreprise Nacon","publisher":{"@id":"https:\/\/corporate.nacongaming.com\/en\/#organization"},"potentialAction":[{"@type":"SearchAction","target":{"@type":"EntryPoint","urlTemplate":"https:\/\/corporate.nacongaming.com\/en\/?s={search_term_string}"},"query-input":{"@type":"PropertyValueSpecification","valueRequired":true,"valueName":"search_term_string"}}],"inLanguage":"en-US"},{"@type":"Organization","@id":"https:\/\/corporate.nacongaming.com\/en\/#organization","name":"Nacon","url":"https:\/\/corporate.nacongaming.com\/en\/","logo":{"@type":"ImageObject","inLanguage":"en-US","@id":"https:\/\/corporate.nacongaming.com\/en\/#\/schema\/logo\/image\/","url":"http:\/\/vps-387abac1.vps.ovh.net\/wp-content\/uploads\/2019\/11\/logo-nacon-black.svg","contentUrl":"http:\/\/vps-387abac1.vps.ovh.net\/wp-content\/uploads\/2019\/11\/logo-nacon-black.svg","width":1,"height":1,"caption":"Nacon"},"image":{"@id":"https:\/\/corporate.nacongaming.com\/en\/#\/schema\/logo\/image\/"}}]}},"_links":{"self":[{"href":"https:\/\/corporate.nacongaming.com\/en\/wp-json\/wp\/v2\/pages\/4146","targetHints":{"allow":["GET"]}}],"collection":[{"href":"https:\/\/corporate.nacongaming.com\/en\/wp-json\/wp\/v2\/pages"}],"about":[{"href":"https:\/\/corporate.nacongaming.com\/en\/wp-json\/wp\/v2\/types\/page"}],"author":[{"embeddable":true,"href":"https:\/\/corporate.nacongaming.com\/en\/wp-json\/wp\/v2\/users\/8"}],"replies":[{"embeddable":true,"href":"https:\/\/corporate.nacongaming.com\/en\/wp-json\/wp\/v2\/comments?post=4146"}],"version-history":[{"count":16,"href":"https:\/\/corporate.nacongaming.com\/en\/wp-json\/wp\/v2\/pages\/4146\/revisions"}],"predecessor-version":[{"id":11850,"href":"https:\/\/corporate.nacongaming.com\/en\/wp-json\/wp\/v2\/pages\/4146\/revisions\/11850"}],"up":[{"embeddable":true,"href":"https:\/\/corporate.nacongaming.com\/en\/wp-json\/wp\/v2\/pages\/4152"}],"wp:attachment":[{"href":"https:\/\/corporate.nacongaming.com\/en\/wp-json\/wp\/v2\/media?parent=4146"}],"curies":[{"name":"wp","href":"https:\/\/api.w.org\/{rel}","templated":true}]}}