{"id":4159,"date":"2020-03-13T17:32:01","date_gmt":"2020-03-13T16:32:01","guid":{"rendered":"https:\/\/corporate.nacongaming.com\/espace-investisseurs\/information-reglementee\/declaration-rachat-action\/"},"modified":"2022-12-28T14:40:29","modified_gmt":"2022-12-28T13:40:29","slug":"share-buyback-transactions","status":"publish","type":"page","link":"https:\/\/corporate.nacongaming.com\/en\/investor-center\/financial-information\/share-buyback-transactions\/","title":{"rendered":"Share buyback transactions"},"content":{"rendered":"<p>[et_pb_section fb_built=&#8221;1&#8243; fullwidth=&#8221;on&#8221; _builder_version=&#8221;4.16&#8243; locked=&#8221;off&#8221; global_colors_info=&#8221;{}&#8221;][et_pb_fullwidth_header title=&#8221;Regulated Information&#8221; text_orientation=&#8221;center&#8221; admin_label=&#8221;En-t\u00eate plein \u00e9cran&#8221; module_class=&#8221;content-header&#8221; _builder_version=&#8221;4.16&#8243; title_font=&#8221;|||on|||||&#8221; title_text_align=&#8221;center&#8221; title_font_size=&#8221;100px&#8221; content_text_align=&#8221;center&#8221; background_image=&#8221;http:\/\/vps-387abac1.vps.ovh.net\/wp-content\/uploads\/2019\/11\/Background_texture330.png&#8221; background_position=&#8221;top_center&#8221; background_enable_video_mp4=&#8221;off&#8221; background_enable_video_webm=&#8221;off&#8221; background_video_width=&#8221;640&#8243; background_video_height=&#8221;360&#8243; background_layout=&#8221;light&#8221; width_last_edited=&#8221;off|desktop&#8221; title_font_size_tablet=&#8221;50px&#8221; title_font_size_phone=&#8221;30px&#8221; title_font_size_last_edited=&#8221;on|phone&#8221; custom_css_main_element=&#8221;height: 100%&#8221; global_colors_info=&#8221;{}&#8221;][\/et_pb_fullwidth_header][et_pb_fullwidth_menu menu_id=&#8221;126&#8243; menu_style=&#8221;centered&#8221; active_link_color=&#8221;#17d3d2&#8243; disabled_on=&#8221;on|on|off&#8221; admin_label=&#8221;Menu Desktop&#8221; _builder_version=&#8221;4.16&#8243; menu_text_color=&#8221;#ffffff&#8221; background_color=&#8221;#233344&#8243; width=&#8221;80%&#8221; max_width=&#8221;80%&#8221; custom_css_main_element=&#8221;margin-left: auto;||margin-right: auto;&#8221; global_colors_info=&#8221;{}&#8221;][\/et_pb_fullwidth_menu][et_pb_fullwidth_menu menu_id=&#8221;126&#8243; menu_style=&#8221;centered&#8221; active_link_color=&#8221;#17d3d2&#8243; disabled_on=&#8221;off|off|on&#8221; admin_label=&#8221;Menu Mobile\/Tablette&#8221; _builder_version=&#8221;4.16&#8243; menu_text_color=&#8221;#ffffff&#8221; background_color=&#8221;#233344&#8243; custom_css_main_element=&#8221;margin-left: auto;||margin-right: auto;&#8221; global_colors_info=&#8221;{}&#8221;][\/et_pb_fullwidth_menu][\/et_pb_section][et_pb_section fb_built=&#8221;1&#8243; _builder_version=&#8221;4.16&#8243; background_enable_color=&#8221;off&#8221; background_enable_image=&#8221;off&#8221; global_colors_info=&#8221;{}&#8221;][et_pb_row _builder_version=&#8221;4.16&#8243; background_enable_image=&#8221;off&#8221; width=&#8221;60%&#8221; global_colors_info=&#8221;{}&#8221;][et_pb_column type=&#8221;4_4&#8243; _builder_version=&#8221;4.16&#8243; global_colors_info=&#8221;{}&#8221;][et_pb_text admin_label=&#8221;Texte&#8221; _builder_version=&#8221;4.16&#8243; global_colors_info=&#8221;{}&#8221;]<\/p>\n<h2 style=\"text-align: center;\">Share buyback transactions<\/h2>\n<p>[\/et_pb_text][et_pb_divider divider_position=&#8221;center&#8221; _builder_version=&#8221;4.16&#8243; width=&#8221;60%&#8221; module_alignment=&#8221;center&#8221; custom_margin=&#8221;-60px||||false|false&#8221; custom_padding=&#8221;0px||||false|false&#8221; custom_css_before=&#8221;border: 0; ||height: 1px; ||background-image: -webkit-linear-gradient(left, #fff, #233344, #fff);||background-image: -moz-linear-gradient(left, #fff, #233344, #fff);||background-image: -ms-linear-gradient(left, #fff, #233344, #fff);||background-image: -o-linear-gradient(left, #fff, #233344, #fff);&#8221; saved_tabs=&#8221;all&#8221; global_colors_info=&#8221;{}&#8221;][\/et_pb_divider][et_pb_tabs _builder_version=&#8221;4.19.0&#8243; hover_enabled=&#8221;0&#8243; global_colors_info=&#8221;{}&#8221; sticky_enabled=&#8221;0&#8243;][et_pb_tab title=&#8221;2022-2023&#8243; _builder_version=&#8221;4.19.0&#8243; hover_enabled=&#8221;0&#8243; global_colors_info=&#8221;{}&#8221; sticky_enabled=&#8221;0&#8243;]<\/p>\n<p><a href=\"http:\/\/vps-387abac1.vps.ovh.net\/wp-content\/uploads\/2022\/12\/Nacon_ContratLiquidite\u0301_11-2022.pdf\" rel=\"attachment wp-att-8316\">Nacon_ContratLiquidite\u0301_11-2022<\/a><\/p>\n<p><a href=\"http:\/\/vps-387abac1.vps.ovh.net\/wp-content\/uploads\/2022\/12\/Nacon_ContratLiquidite\u0301_10-2022.pdf\" rel=\"attachment wp-att-8314\">Nacon_ContratLiquidite\u0301_10-2022<\/a><\/p>\n<p><a href=\"http:\/\/vps-387abac1.vps.ovh.net\/wp-content\/uploads\/2022\/12\/Nacon_ContratLiquidite\u0301_09-2022.pdf\" rel=\"attachment wp-att-8318\">Nacon_ContratLiquidite\u0301_09-2022<\/a><\/p>\n<p><a href=\"http:\/\/vps-387abac1.vps.ovh.net\/wp-content\/uploads\/2022\/09\/Nacon_ContratLiquidite_08-2022.pdf\" rel=\"attachment wp-att-7653\">Nacon_ContratLiquidit\u00e9_08-2022<\/a><\/p>\n<p><a href=\"http:\/\/vps-387abac1.vps.ovh.net\/wp-content\/uploads\/2022\/08\/Nacon_ContratLiquidite_07-2022.pdf\" rel=\"attachment wp-att-7645\">Nacon_ContratLiquidit\u00e9_07-2022<\/a><\/p>\n<p><a href=\"http:\/\/vps-387abac1.vps.ovh.net\/wp-content\/uploads\/2022\/07\/Nacon_ContratLiquidite_06-2022.pdf\" rel=\"attachment wp-att-7582\">Nacon_ContratLiquidit\u00e9_06-2022<\/a><\/p>\n<p><a href=\"http:\/\/vps-387abac1.vps.ovh.net\/wp-content\/uploads\/2022\/06\/Nacon_ContratLiquidite_05-2022.pdf\" rel=\"attachment wp-att-7395\">Nacon_ContratLiquidit\u00e9_05-2022<\/a><\/p>\n<p><a href=\"http:\/\/vps-387abac1.vps.ovh.net\/wp-content\/uploads\/2022\/05\/Nacon_ContratLiquidite_04-2022.pdf\" rel=\"attachment wp-att-7328\">Nacon_ContratLiquidit\u00e9_04-2022<\/a><\/p>\n<p>[\/et_pb_tab][et_pb_tab title=&#8221;2021-2022&#8243; _builder_version=&#8221;4.16&#8243; global_colors_info=&#8221;{}&#8221;]<\/p>\n<p><a href=\"http:\/\/vps-387abac1.vps.ovh.net\/wp-content\/uploads\/2022\/05\/Nacon_ContratLiquidite_04-2022.pdf\" rel=\"attachment wp-att-7328\">Nacon_ContratLiquidit\u00e9_04-2022<\/a><br \/><a href=\"http:\/\/vps-387abac1.vps.ovh.net\/wp-content\/uploads\/2022\/04\/Nacon_ContratLiquidite_03-2022.pdf\" rel=\"attachment wp-att-7192\">Nacon_ContratLiquidit\u00e9_03-2022<\/a><br \/><a href=\"http:\/\/vps-387abac1.vps.ovh.net\/wp-content\/uploads\/2022\/03\/Nacon_ContratLiquidite_02-2022.pdf\" rel=\"attachment wp-att-7096\">Nacon_ContratLiquidit\u00e9_02-2022<\/a><br \/><a href=\"http:\/\/vps-387abac1.vps.ovh.net\/wp-content\/uploads\/2022\/02\/Nacon_ContratLiquidite_01-2022.pdf\" rel=\"attachment wp-att-7022\">Nacon_ContratLiquidit\u00e9_01-2022<\/a><br \/><a href=\"http:\/\/vps-387abac1.vps.ovh.net\/wp-content\/uploads\/2021\/12\/Nacon_ContratLiquidite_11-2021.pdf\" rel=\"attachment wp-att-6911\">Nacon_ContratLiquidit\u00e9_11-2021<\/a><br \/><a href=\"http:\/\/vps-387abac1.vps.ovh.net\/wp-content\/uploads\/2021\/11\/Nacon_ContratLiquidite_10-2021.pdf\" rel=\"attachment wp-att-6869\">Nacon_ContratLiquidit\u00e9_10-2021<\/a><br \/><a href=\"http:\/\/vps-387abac1.vps.ovh.net\/wp-content\/uploads\/2021\/10\/Nacon_ContratLiquidite_09-2021.pdf\" rel=\"attachment wp-att-6835\">Nacon_ContratLiquidit\u00e9_09-2021<\/a><br \/><a href=\"http:\/\/vps-387abac1.vps.ovh.net\/wp-content\/uploads\/2021\/09\/Nacon_ContratLiquidite_08-2021.pdf\" rel=\"attachment wp-att-6711\">Nacon_ContratLiquidit\u00e9_08-2021<\/a><br \/><a href=\"http:\/\/vps-387abac1.vps.ovh.net\/wp-content\/uploads\/2021\/08\/Nacon_ContratLiquidite_07-2021.pdf\" rel=\"attachment wp-att-6641\">Nacon_ContratLiquidit\u00e9_07-2021<\/a><br \/><a href=\"http:\/\/vps-387abac1.vps.ovh.net\/wp-content\/uploads\/2021\/07\/Nacon_ContratLiquidit\u00e9_06-2021.pdf\" rel=\"attachment wp-att-6387\">Nacon_ContratLiquidit\u00e9_06-2021<\/a><br \/><a href=\"http:\/\/vps-387abac1.vps.ovh.net\/wp-content\/uploads\/2021\/06\/Nacon_ContratLiquidit\u00e9_05-2021.pdf\" rel=\"attachment wp-att-6255\">Nacon_ContratLiquidit\u00e9_05-2021<\/a><br \/><a href=\"http:\/\/vps-387abac1.vps.ovh.net\/wp-content\/uploads\/2021\/05\/Nacon_ContratLiquidit\u00e9_04-2021.pdf\" rel=\"attachment wp-att-6087\">Nacon_ContratLiquidit\u00e9_04-2021<\/a><\/p>\n<p>[\/et_pb_tab][et_pb_tab title=&#8221;2020-2021&#8243; _builder_version=&#8221;4.16&#8243; global_colors_info=&#8221;{}&#8221;]<\/p>\n<p><a href=\"http:\/\/vps-387abac1.vps.ovh.net\/wp-content\/uploads\/2020\/05\/Nacon_ContratLiquidit\u00e9_04-2020.pdf\" rel=\"attachment wp-att-4487\">Nacon_ContratLiquidit\u00e9_04-2020<\/a><br \/><a href=\"http:\/\/vps-387abac1.vps.ovh.net\/wp-content\/uploads\/2020\/06\/Nacon_ContratLiquidit\u00e9_05-2020.pdf\" rel=\"attachment wp-att-4616\">Nacon_ContratLiquidit\u00e9_05-2020<\/a><br \/><a href=\"http:\/\/vps-387abac1.vps.ovh.net\/wp-content\/uploads\/2020\/07\/Nacon_ContratLiquidit\u00e9_06-2020.pdf\" rel=\"attachment wp-att-4925\">Nacon_ContratLiquidit\u00e9_06-2020<\/a><br \/><a href=\"http:\/\/vps-387abac1.vps.ovh.net\/wp-content\/uploads\/2020\/08\/Nacon_ContratLiquidit\u00e9_07-2020.pdf\" rel=\"attachment wp-att-5016\">Nacon_ContratLiquidit\u00e9_07-2020<\/a><br \/><a href=\"http:\/\/vps-387abac1.vps.ovh.net\/wp-content\/uploads\/2020\/09\/Nacon_ContratLiquidit\u00e9_08-2020.pdf\" rel=\"attachment wp-att-5160\">Nacon_ContratLiquidit\u00e9_08-2020<\/a><br \/><a href=\"http:\/\/vps-387abac1.vps.ovh.net\/wp-content\/uploads\/2020\/10\/Nacon_ContratLiquidit\u00e9_09-2020.pdf\" rel=\"attachment wp-att-5374\">Nacon_ContratLiquidit\u00e9_09-2020<\/a><br \/><a href=\"http:\/\/vps-387abac1.vps.ovh.net\/wp-content\/uploads\/2020\/11\/Nacon_ContratLiquidit\u00e9_10-2020.pdf\" rel=\"attachment wp-att-5443\">Nacon_ContratLiquidit\u00e9_10-2020<\/a><br \/><a href=\"http:\/\/vps-387abac1.vps.ovh.net\/wp-content\/uploads\/2020\/12\/Nacon_ContratLiquidit\u00e9_11-2020.pdf\" rel=\"attachment wp-att-5537\">Nacon_ContratLiquidit\u00e9_11-2020<\/a><br \/><a href=\"http:\/\/vps-387abac1.vps.ovh.net\/wp-content\/uploads\/2021\/01\/Nacon_ContratLiquidit\u00e9_12-2020.pdf\" rel=\"attachment wp-att-5604\">Nacon_ContratLiquidit\u00e9_12-2020<\/a><br \/><a href=\"http:\/\/vps-387abac1.vps.ovh.net\/wp-content\/uploads\/2021\/02\/Nacon_ContratLiquidit\u00e9_01-2021.pdf\" rel=\"attachment wp-att-5755\">Nacon_ContratLiquidit\u00e9_01-2021<\/a><br \/><a href=\"http:\/\/vps-387abac1.vps.ovh.net\/wp-content\/uploads\/2021\/03\/Nacon_ContratLiquidit\u00e9_02-2021.pdf\" rel=\"attachment wp-att-5930\">Nacon_ContratLiquidit\u00e9_02-2021<\/a><br \/><a href=\"http:\/\/vps-387abac1.vps.ovh.net\/wp-content\/uploads\/2021\/04\/Nacon_ContratLiquidit\u00e9_03-2021.pdf\" rel=\"attachment wp-att-6046\">Nacon_ContratLiquidit\u00e9_03-2021<\/a><\/p>\n<p>[\/et_pb_tab][et_pb_tab title=&#8221;2019-2020&#8243; _builder_version=&#8221;4.16&#8243; global_colors_info=&#8221;{}&#8221;]<\/p>\n<p><a href=\"http:\/\/vps-387abac1.vps.ovh.net\/wp-content\/uploads\/2020\/04\/Nacon_ContratLiquidit\u00e9_03-2020.pdf\" rel=\"attachment wp-att-4454\">Nacon_ContratLiquidit\u00e9_03-2020<\/a><\/p>\n<p>[\/et_pb_tab][\/et_pb_tabs][\/et_pb_column][\/et_pb_row][\/et_pb_section]<\/p>\n","protected":false},"excerpt":{"rendered":"<p>Share buyback transactionsNacon_ContratLiquidite\u0301_11-2022 Nacon_ContratLiquidite\u0301_10-2022 Nacon_ContratLiquidite\u0301_09-2022 Nacon_ContratLiquidit\u00e9_08-2022 Nacon_ContratLiquidit\u00e9_07-2022 Nacon_ContratLiquidit\u00e9_06-2022 Nacon_ContratLiquidit\u00e9_05-2022 Nacon_ContratLiquidit\u00e9_04-2022Nacon_ContratLiquidit\u00e9_04-2022Nacon_ContratLiquidit\u00e9_03-2022Nacon_ContratLiquidit\u00e9_02-2022Nacon_ContratLiquidit\u00e9_01-2022Nacon_ContratLiquidit\u00e9_11-2021Nacon_ContratLiquidit\u00e9_10-2021Nacon_ContratLiquidit\u00e9_09-2021Nacon_ContratLiquidit\u00e9_08-2021Nacon_ContratLiquidit\u00e9_07-2021Nacon_ContratLiquidit\u00e9_06-2021Nacon_ContratLiquidit\u00e9_05-2021Nacon_ContratLiquidit\u00e9_04-2021Nacon_ContratLiquidit\u00e9_04-2020Nacon_ContratLiquidit\u00e9_05-2020Nacon_ContratLiquidit\u00e9_06-2020Nacon_ContratLiquidit\u00e9_07-2020Nacon_ContratLiquidit\u00e9_08-2020Nacon_ContratLiquidit\u00e9_09-2020Nacon_ContratLiquidit\u00e9_10-2020Nacon_ContratLiquidit\u00e9_11-2020Nacon_ContratLiquidit\u00e9_12-2020Nacon_ContratLiquidit\u00e9_01-2021Nacon_ContratLiquidit\u00e9_02-2021Nacon_ContratLiquidit\u00e9_03-2021Nacon_ContratLiquidit\u00e9_03-2020<\/p>\n","protected":false},"author":4,"featured_media":0,"parent":3933,"menu_order":0,"comment_status":"closed","ping_status":"closed","template":"","meta":{"_et_pb_use_builder":"on","_et_pb_old_content":"","_et_gb_content_width":"","footnotes":""},"class_list":["post-4159","page","type-page","status-publish","hentry"],"yoast_head":"<!-- This site is optimized with the Yoast SEO plugin v27.4 - https:\/\/yoast.com\/product\/yoast-seo-wordpress\/ -->\n<title>Share buyback transactions - Nacon Corporate<\/title>\n<meta name=\"robots\" content=\"index, follow, max-snippet:-1, max-image-preview:large, max-video-preview:-1\" \/>\n<link rel=\"canonical\" href=\"https:\/\/corporate.nacongaming.com\/en\/investor-center\/financial-information\/share-buyback-transactions\/\" \/>\n<meta property=\"og:locale\" content=\"en_US\" \/>\n<meta property=\"og:type\" content=\"article\" \/>\n<meta property=\"og:title\" content=\"Share buyback transactions - Nacon Corporate\" \/>\n<meta property=\"og:url\" content=\"https:\/\/corporate.nacongaming.com\/en\/investor-center\/financial-information\/share-buyback-transactions\/\" \/>\n<meta property=\"og:site_name\" content=\"Nacon Corporate\" \/>\n<meta property=\"article:modified_time\" content=\"2022-12-28T13:40:29+00:00\" \/>\n<meta name=\"twitter:card\" content=\"summary_large_image\" \/>\n<meta name=\"twitter:label1\" content=\"Est. reading time\" \/>\n\t<meta name=\"twitter:data1\" content=\"1 minute\" \/>\n<script type=\"application\/ld+json\" class=\"yoast-schema-graph\">{\"@context\":\"https:\\\/\\\/schema.org\",\"@graph\":[{\"@type\":\"WebPage\",\"@id\":\"https:\\\/\\\/corporate.nacongaming.com\\\/en\\\/investor-center\\\/financial-information\\\/share-buyback-transactions\\\/\",\"url\":\"https:\\\/\\\/corporate.nacongaming.com\\\/en\\\/investor-center\\\/financial-information\\\/share-buyback-transactions\\\/\",\"name\":\"Share buyback transactions - Nacon Corporate\",\"isPartOf\":{\"@id\":\"https:\\\/\\\/corporate.nacongaming.com\\\/en\\\/#website\"},\"datePublished\":\"2020-03-13T16:32:01+00:00\",\"dateModified\":\"2022-12-28T13:40:29+00:00\",\"breadcrumb\":{\"@id\":\"https:\\\/\\\/corporate.nacongaming.com\\\/en\\\/investor-center\\\/financial-information\\\/share-buyback-transactions\\\/#breadcrumb\"},\"inLanguage\":\"en-US\",\"potentialAction\":[{\"@type\":\"ReadAction\",\"target\":[\"https:\\\/\\\/corporate.nacongaming.com\\\/en\\\/investor-center\\\/financial-information\\\/share-buyback-transactions\\\/\"]}]},{\"@type\":\"BreadcrumbList\",\"@id\":\"https:\\\/\\\/corporate.nacongaming.com\\\/en\\\/investor-center\\\/financial-information\\\/share-buyback-transactions\\\/#breadcrumb\",\"itemListElement\":[{\"@type\":\"ListItem\",\"position\":1,\"name\":\"Accueil\",\"item\":\"https:\\\/\\\/corporate.nacongaming.com\\\/en\\\/\"},{\"@type\":\"ListItem\",\"position\":2,\"name\":\"Share buyback transactions\"}]},{\"@type\":\"WebSite\",\"@id\":\"https:\\\/\\\/corporate.nacongaming.com\\\/en\\\/#website\",\"url\":\"https:\\\/\\\/corporate.nacongaming.com\\\/en\\\/\",\"name\":\"Nacon Corporate\",\"description\":\"Site internet de l&#039;entreprise Nacon\",\"publisher\":{\"@id\":\"https:\\\/\\\/corporate.nacongaming.com\\\/en\\\/#organization\"},\"potentialAction\":[{\"@type\":\"SearchAction\",\"target\":{\"@type\":\"EntryPoint\",\"urlTemplate\":\"https:\\\/\\\/corporate.nacongaming.com\\\/en\\\/?s={search_term_string}\"},\"query-input\":{\"@type\":\"PropertyValueSpecification\",\"valueRequired\":true,\"valueName\":\"search_term_string\"}}],\"inLanguage\":\"en-US\"},{\"@type\":\"Organization\",\"@id\":\"https:\\\/\\\/corporate.nacongaming.com\\\/en\\\/#organization\",\"name\":\"Nacon\",\"url\":\"https:\\\/\\\/corporate.nacongaming.com\\\/en\\\/\",\"logo\":{\"@type\":\"ImageObject\",\"inLanguage\":\"en-US\",\"@id\":\"https:\\\/\\\/corporate.nacongaming.com\\\/en\\\/#\\\/schema\\\/logo\\\/image\\\/\",\"url\":\"http:\\\/\\\/vps-387abac1.vps.ovh.net\\\/wp-content\\\/uploads\\\/2019\\\/11\\\/logo-nacon-black.svg\",\"contentUrl\":\"http:\\\/\\\/vps-387abac1.vps.ovh.net\\\/wp-content\\\/uploads\\\/2019\\\/11\\\/logo-nacon-black.svg\",\"width\":1,\"height\":1,\"caption\":\"Nacon\"},\"image\":{\"@id\":\"https:\\\/\\\/corporate.nacongaming.com\\\/en\\\/#\\\/schema\\\/logo\\\/image\\\/\"}}]}<\/script>\n<!-- \/ Yoast SEO plugin. -->","yoast_head_json":{"title":"Share buyback transactions - Nacon Corporate","robots":{"index":"index","follow":"follow","max-snippet":"max-snippet:-1","max-image-preview":"max-image-preview:large","max-video-preview":"max-video-preview:-1"},"canonical":"https:\/\/corporate.nacongaming.com\/en\/investor-center\/financial-information\/share-buyback-transactions\/","og_locale":"en_US","og_type":"article","og_title":"Share buyback transactions - Nacon Corporate","og_url":"https:\/\/corporate.nacongaming.com\/en\/investor-center\/financial-information\/share-buyback-transactions\/","og_site_name":"Nacon Corporate","article_modified_time":"2022-12-28T13:40:29+00:00","twitter_card":"summary_large_image","twitter_misc":{"Est. reading time":"1 minute"},"schema":{"@context":"https:\/\/schema.org","@graph":[{"@type":"WebPage","@id":"https:\/\/corporate.nacongaming.com\/en\/investor-center\/financial-information\/share-buyback-transactions\/","url":"https:\/\/corporate.nacongaming.com\/en\/investor-center\/financial-information\/share-buyback-transactions\/","name":"Share buyback transactions - Nacon Corporate","isPartOf":{"@id":"https:\/\/corporate.nacongaming.com\/en\/#website"},"datePublished":"2020-03-13T16:32:01+00:00","dateModified":"2022-12-28T13:40:29+00:00","breadcrumb":{"@id":"https:\/\/corporate.nacongaming.com\/en\/investor-center\/financial-information\/share-buyback-transactions\/#breadcrumb"},"inLanguage":"en-US","potentialAction":[{"@type":"ReadAction","target":["https:\/\/corporate.nacongaming.com\/en\/investor-center\/financial-information\/share-buyback-transactions\/"]}]},{"@type":"BreadcrumbList","@id":"https:\/\/corporate.nacongaming.com\/en\/investor-center\/financial-information\/share-buyback-transactions\/#breadcrumb","itemListElement":[{"@type":"ListItem","position":1,"name":"Accueil","item":"https:\/\/corporate.nacongaming.com\/en\/"},{"@type":"ListItem","position":2,"name":"Share buyback transactions"}]},{"@type":"WebSite","@id":"https:\/\/corporate.nacongaming.com\/en\/#website","url":"https:\/\/corporate.nacongaming.com\/en\/","name":"Nacon Corporate","description":"Site internet de l&#039;entreprise Nacon","publisher":{"@id":"https:\/\/corporate.nacongaming.com\/en\/#organization"},"potentialAction":[{"@type":"SearchAction","target":{"@type":"EntryPoint","urlTemplate":"https:\/\/corporate.nacongaming.com\/en\/?s={search_term_string}"},"query-input":{"@type":"PropertyValueSpecification","valueRequired":true,"valueName":"search_term_string"}}],"inLanguage":"en-US"},{"@type":"Organization","@id":"https:\/\/corporate.nacongaming.com\/en\/#organization","name":"Nacon","url":"https:\/\/corporate.nacongaming.com\/en\/","logo":{"@type":"ImageObject","inLanguage":"en-US","@id":"https:\/\/corporate.nacongaming.com\/en\/#\/schema\/logo\/image\/","url":"http:\/\/vps-387abac1.vps.ovh.net\/wp-content\/uploads\/2019\/11\/logo-nacon-black.svg","contentUrl":"http:\/\/vps-387abac1.vps.ovh.net\/wp-content\/uploads\/2019\/11\/logo-nacon-black.svg","width":1,"height":1,"caption":"Nacon"},"image":{"@id":"https:\/\/corporate.nacongaming.com\/en\/#\/schema\/logo\/image\/"}}]}},"_links":{"self":[{"href":"https:\/\/corporate.nacongaming.com\/en\/wp-json\/wp\/v2\/pages\/4159","targetHints":{"allow":["GET"]}}],"collection":[{"href":"https:\/\/corporate.nacongaming.com\/en\/wp-json\/wp\/v2\/pages"}],"about":[{"href":"https:\/\/corporate.nacongaming.com\/en\/wp-json\/wp\/v2\/types\/page"}],"author":[{"embeddable":true,"href":"https:\/\/corporate.nacongaming.com\/en\/wp-json\/wp\/v2\/users\/4"}],"replies":[{"embeddable":true,"href":"https:\/\/corporate.nacongaming.com\/en\/wp-json\/wp\/v2\/comments?post=4159"}],"version-history":[{"count":30,"href":"https:\/\/corporate.nacongaming.com\/en\/wp-json\/wp\/v2\/pages\/4159\/revisions"}],"predecessor-version":[{"id":8321,"href":"https:\/\/corporate.nacongaming.com\/en\/wp-json\/wp\/v2\/pages\/4159\/revisions\/8321"}],"up":[{"embeddable":true,"href":"https:\/\/corporate.nacongaming.com\/en\/wp-json\/wp\/v2\/pages\/3933"}],"wp:attachment":[{"href":"https:\/\/corporate.nacongaming.com\/en\/wp-json\/wp\/v2\/media?parent=4159"}],"curies":[{"name":"wp","href":"https:\/\/api.w.org\/{rel}","templated":true}]}}